{"id":1725,"date":"2025-05-06T13:07:21","date_gmt":"2025-05-06T11:07:21","guid":{"rendered":"https:\/\/bruening.global\/?post_type=product&#038;p=1725"},"modified":"2025-06-18T12:26:37","modified_gmt":"2025-06-18T10:26:37","slug":"prunes-a-type-with-sorbate","status":"publish","type":"product","link":"https:\/\/bruening.global\/en\/produkte\/prunes-a-type-with-sorbate\/","title":{"rendered":"Prunes A-type, with sorbate"},"content":{"rendered":"","protected":false},"featured_media":1399,"parent":0,"template":"","categories":[85],"country":[69,79],"packagesizes":[84,83],"class_list":["post-1725","product","type-product","status-publish","has-post-thumbnail","hentry","category-dried-fruit","country-chile-en","country-serbia","packagesizes-bulk-packaging-up-to-22-68-kg-ideal-for-food-service-industry-or-further-processing","packagesizes-small-packs-from-50-g-to-1000-g-available-in-doypacks-block-bottom-flat-or-quad-seal-pouches"],"acf":[],"yoast_head":"<!-- This site is optimized with the Yoast SEO plugin v25.9 - https:\/\/yoast.com\/wordpress\/plugins\/seo\/ -->\n<title>Prunes A-type, with sorbate - Br\u00fcning<\/title>\n<meta name=\"robots\" content=\"index, follow, max-snippet:-1, max-image-preview:large, max-video-preview:-1\" \/>\n<link rel=\"canonical\" href=\"https:\/\/bruening.global\/en\/produkte\/prunes-a-type-with-sorbate\/\" \/>\n<meta property=\"og:locale\" content=\"en_US\" \/>\n<meta property=\"og:type\" content=\"article\" \/>\n<meta property=\"og:title\" content=\"Prunes A-type, with sorbate - Br\u00fcning\" \/>\n<meta property=\"og:url\" content=\"https:\/\/bruening.global\/en\/produkte\/prunes-a-type-with-sorbate\/\" \/>\n<meta property=\"og:site_name\" content=\"Br\u00fcning\" \/>\n<meta property=\"article:modified_time\" content=\"2025-06-18T10:26:37+00:00\" \/>\n<meta property=\"og:image\" content=\"https:\/\/bruening.global\/app\/uploads\/2025\/05\/Heinrich-Bruening-Produkte-Pflaum-header.jpg\" \/>\n\t<meta property=\"og:image:width\" content=\"1370\" \/>\n\t<meta property=\"og:image:height\" content=\"442\" \/>\n\t<meta property=\"og:image:type\" content=\"image\/jpeg\" \/>\n<meta name=\"twitter:card\" content=\"summary_large_image\" \/>\n<meta name=\"twitter:label1\" content=\"Est. reading time\" \/>\n\t<meta name=\"twitter:data1\" content=\"1 minute\" \/>\n<script type=\"application\/ld+json\" class=\"yoast-schema-graph\">{\"@context\":\"https:\/\/schema.org\",\"@graph\":[{\"@type\":\"WebPage\",\"@id\":\"https:\/\/bruening.global\/en\/produkte\/prunes-a-type-with-sorbate\/\",\"url\":\"https:\/\/bruening.global\/en\/produkte\/prunes-a-type-with-sorbate\/\",\"name\":\"Prunes A-type, with sorbate - Br\u00fcning\",\"isPartOf\":{\"@id\":\"https:\/\/bruening.global\/#website\"},\"primaryImageOfPage\":{\"@id\":\"https:\/\/bruening.global\/en\/produkte\/prunes-a-type-with-sorbate\/#primaryimage\"},\"image\":{\"@id\":\"https:\/\/bruening.global\/en\/produkte\/prunes-a-type-with-sorbate\/#primaryimage\"},\"thumbnailUrl\":\"https:\/\/bruening.global\/app\/uploads\/2025\/05\/Heinrich-Bruening-Produkte-Pflaum-header.jpg\",\"datePublished\":\"2025-05-06T11:07:21+00:00\",\"dateModified\":\"2025-06-18T10:26:37+00:00\",\"breadcrumb\":{\"@id\":\"https:\/\/bruening.global\/en\/produkte\/prunes-a-type-with-sorbate\/#breadcrumb\"},\"inLanguage\":\"en-US\",\"potentialAction\":[{\"@type\":\"ReadAction\",\"target\":[\"https:\/\/bruening.global\/en\/produkte\/prunes-a-type-with-sorbate\/\"]}]},{\"@type\":\"ImageObject\",\"inLanguage\":\"en-US\",\"@id\":\"https:\/\/bruening.global\/en\/produkte\/prunes-a-type-with-sorbate\/#primaryimage\",\"url\":\"https:\/\/bruening.global\/app\/uploads\/2025\/05\/Heinrich-Bruening-Produkte-Pflaum-header.jpg\",\"contentUrl\":\"https:\/\/bruening.global\/app\/uploads\/2025\/05\/Heinrich-Bruening-Produkte-Pflaum-header.jpg\",\"width\":1370,\"height\":442},{\"@type\":\"BreadcrumbList\",\"@id\":\"https:\/\/bruening.global\/en\/produkte\/prunes-a-type-with-sorbate\/#breadcrumb\",\"itemListElement\":[{\"@type\":\"ListItem\",\"position\":1,\"name\":\"Home\",\"item\":\"https:\/\/bruening.global\/en\/\"},{\"@type\":\"ListItem\",\"position\":2,\"name\":\"Prunes A-type, with sorbate\"}]},{\"@type\":\"WebSite\",\"@id\":\"https:\/\/bruening.global\/#website\",\"url\":\"https:\/\/bruening.global\/\",\"name\":\"Br\u00fcning\",\"description\":\"Mit \u00fcber 70 Jahren Erfahrung z\u00e4hlt die Heinrich Br\u00fcning GmbH zu den f\u00fchrenden Importeuren und Distributoren von N\u00fcssen und Trockenfr\u00fcchten in Deutschland.\",\"potentialAction\":[{\"@type\":\"SearchAction\",\"target\":{\"@type\":\"EntryPoint\",\"urlTemplate\":\"https:\/\/bruening.global\/?s={search_term_string}\"},\"query-input\":{\"@type\":\"PropertyValueSpecification\",\"valueRequired\":true,\"valueName\":\"search_term_string\"}}],\"inLanguage\":\"en-US\"}]}<\/script>\n<!-- \/ Yoast SEO plugin. -->","yoast_head_json":{"title":"Prunes A-type, with sorbate - Br\u00fcning","robots":{"index":"index","follow":"follow","max-snippet":"max-snippet:-1","max-image-preview":"max-image-preview:large","max-video-preview":"max-video-preview:-1"},"canonical":"https:\/\/bruening.global\/en\/produkte\/prunes-a-type-with-sorbate\/","og_locale":"en_US","og_type":"article","og_title":"Prunes A-type, with sorbate - Br\u00fcning","og_url":"https:\/\/bruening.global\/en\/produkte\/prunes-a-type-with-sorbate\/","og_site_name":"Br\u00fcning","article_modified_time":"2025-06-18T10:26:37+00:00","og_image":[{"width":1370,"height":442,"url":"https:\/\/bruening.global\/app\/uploads\/2025\/05\/Heinrich-Bruening-Produkte-Pflaum-header.jpg","type":"image\/jpeg"}],"twitter_card":"summary_large_image","twitter_misc":{"Est. reading time":"1 minute"},"schema":{"@context":"https:\/\/schema.org","@graph":[{"@type":"WebPage","@id":"https:\/\/bruening.global\/en\/produkte\/prunes-a-type-with-sorbate\/","url":"https:\/\/bruening.global\/en\/produkte\/prunes-a-type-with-sorbate\/","name":"Prunes A-type, with sorbate - Br\u00fcning","isPartOf":{"@id":"https:\/\/bruening.global\/#website"},"primaryImageOfPage":{"@id":"https:\/\/bruening.global\/en\/produkte\/prunes-a-type-with-sorbate\/#primaryimage"},"image":{"@id":"https:\/\/bruening.global\/en\/produkte\/prunes-a-type-with-sorbate\/#primaryimage"},"thumbnailUrl":"https:\/\/bruening.global\/app\/uploads\/2025\/05\/Heinrich-Bruening-Produkte-Pflaum-header.jpg","datePublished":"2025-05-06T11:07:21+00:00","dateModified":"2025-06-18T10:26:37+00:00","breadcrumb":{"@id":"https:\/\/bruening.global\/en\/produkte\/prunes-a-type-with-sorbate\/#breadcrumb"},"inLanguage":"en-US","potentialAction":[{"@type":"ReadAction","target":["https:\/\/bruening.global\/en\/produkte\/prunes-a-type-with-sorbate\/"]}]},{"@type":"ImageObject","inLanguage":"en-US","@id":"https:\/\/bruening.global\/en\/produkte\/prunes-a-type-with-sorbate\/#primaryimage","url":"https:\/\/bruening.global\/app\/uploads\/2025\/05\/Heinrich-Bruening-Produkte-Pflaum-header.jpg","contentUrl":"https:\/\/bruening.global\/app\/uploads\/2025\/05\/Heinrich-Bruening-Produkte-Pflaum-header.jpg","width":1370,"height":442},{"@type":"BreadcrumbList","@id":"https:\/\/bruening.global\/en\/produkte\/prunes-a-type-with-sorbate\/#breadcrumb","itemListElement":[{"@type":"ListItem","position":1,"name":"Home","item":"https:\/\/bruening.global\/en\/"},{"@type":"ListItem","position":2,"name":"Prunes A-type, with sorbate"}]},{"@type":"WebSite","@id":"https:\/\/bruening.global\/#website","url":"https:\/\/bruening.global\/","name":"Br\u00fcning","description":"Mit \u00fcber 70 Jahren Erfahrung z\u00e4hlt die Heinrich Br\u00fcning GmbH zu den f\u00fchrenden Importeuren und Distributoren von N\u00fcssen und Trockenfr\u00fcchten in Deutschland.","potentialAction":[{"@type":"SearchAction","target":{"@type":"EntryPoint","urlTemplate":"https:\/\/bruening.global\/?s={search_term_string}"},"query-input":{"@type":"PropertyValueSpecification","valueRequired":true,"valueName":"search_term_string"}}],"inLanguage":"en-US"}]}},"_links":{"self":[{"href":"https:\/\/bruening.global\/en\/wp-json\/wp\/v2\/product\/1725","targetHints":{"allow":["GET"]}}],"collection":[{"href":"https:\/\/bruening.global\/en\/wp-json\/wp\/v2\/product"}],"about":[{"href":"https:\/\/bruening.global\/en\/wp-json\/wp\/v2\/types\/product"}],"wp:featuredmedia":[{"embeddable":true,"href":"https:\/\/bruening.global\/en\/wp-json\/wp\/v2\/media\/1399"}],"wp:attachment":[{"href":"https:\/\/bruening.global\/en\/wp-json\/wp\/v2\/media?parent=1725"}],"wp:term":[{"taxonomy":"category","embeddable":true,"href":"https:\/\/bruening.global\/en\/wp-json\/wp\/v2\/categories?post=1725"},{"taxonomy":"country","embeddable":true,"href":"https:\/\/bruening.global\/en\/wp-json\/wp\/v2\/country?post=1725"},{"taxonomy":"packagesizes","embeddable":true,"href":"https:\/\/bruening.global\/en\/wp-json\/wp\/v2\/packagesizes?post=1725"}],"curies":[{"name":"wp","href":"https:\/\/api.w.org\/{rel}","templated":true}]}}