{"id":532,"date":"2025-02-05T15:41:29","date_gmt":"2025-02-05T14:41:29","guid":{"rendered":"https:\/\/bruening.global\/startseite\/"},"modified":"2025-05-15T14:25:14","modified_gmt":"2025-05-15T12:25:14","slug":"heinrich-bruening","status":"publish","type":"page","link":"https:\/\/bruening.global\/en\/","title":{"rendered":"Homepage"},"content":{"rendered":"\n<div class=\"wp-block-cover alignfull page_cover\" style=\"min-height:100vh;aspect-ratio:unset;\"><img decoding=\"async\" class=\"wp-block-cover__image-background wp-image-251\" alt=\"\" src=\"https:\/\/bruening.global\/app\/uploads\/2025\/03\/bruening_pattern_01-2.svg\" data-object-fit=\"cover\"\/><span aria-hidden=\"true\" class=\"wp-block-cover__background has-background-dim-0 has-background-dim\"><\/span><div class=\"wp-block-cover__inner-container is-layout-constrained wp-block-cover-is-layout-constrained\">\n<div class=\"wp-block-columns alignwide are-vertically-aligned-center is-layout-flex wp-container-core-columns-is-layout-9d6595d7 wp-block-columns-is-layout-flex\">\n<div class=\"wp-block-column is-vertically-aligned-center is-layout-flow wp-block-column-is-layout-flow\" style=\"flex-basis:41.66666%\"><div class=\"rnd-img-wrapper\">\n<figure class=\"wp-block-matterlout-rnd wp-block-gallery has-nested-images columns-default\"><figure class=\"gallery-item\"><img  data-src=\"https:\/\/bruening.global\/app\/uploads\/2025\/02\/Slider-Image-6.png\" data-id=\"111\" alt=\"Random Image\"\/><\/figure><figure class=\"gallery-item\"><img  data-src=\"https:\/\/bruening.global\/app\/uploads\/2025\/02\/Slider-Image-5.png\" data-id=\"110\" alt=\"Random Image\"\/><\/figure><figure class=\"gallery-item\"><img  data-src=\"https:\/\/bruening.global\/app\/uploads\/2025\/02\/Slider-Image-4.png\" data-id=\"109\" alt=\"Random Image\"\/><\/figure><figure class=\"gallery-item\"><img  data-src=\"https:\/\/bruening.global\/app\/uploads\/2025\/02\/Slider-Image-3.png\" data-id=\"108\" alt=\"Random Image\"\/><\/figure><figure class=\"gallery-item\"><img  data-src=\"https:\/\/bruening.global\/app\/uploads\/2025\/02\/Slider-Image-2.png\" data-id=\"107\" alt=\"Random Image\"\/><\/figure><\/figure>\n<\/div><\/div>\n\n\n\n<div class=\"wp-block-column is-vertically-aligned-center is-layout-flow wp-block-column-is-layout-flow\" style=\"flex-basis:58.333333%\">\n<h1 class=\"wp-block-heading\">let\u2019s get nuts.<br>and dried<br>fruits.<\/h1>\n<\/div>\n<\/div>\n<\/div><\/div>\n\n\n\n<div class=\"wp-block-columns mb-05 is-layout-flex wp-container-core-columns-is-layout-9d6595d7 wp-block-columns-is-layout-flex\">\n<div class=\"wp-block-column is-vertically-aligned-center is-layout-flow wp-block-column-is-layout-flow\">\n<h2 class=\"wp-block-heading has-text-align-center\"><strong>Our products<\/strong><\/h2>\n\n\n\n<p class=\"has-text-align-center\">We have over 16 different nuts, dried fruits, raisins and seeds in our range. From these, we put together individual mixtures and fill different packaging units for you &#8211; precisely tailored to your requirements.<\/p>\n<\/div>\n<\/div>\n\n\n<div class=\"img-slider-wrapper alignfull content\"><div class='img-slider-container swiper-container' data-swiper-config=''><div class=\"swiper-wrapper\">\n<div class=\"swiper-slide\"><figure class=\"swiper-slide-figure\"><img decoding=\"async\" src=\"https:\/\/bruening.global\/app\/uploads\/2025\/03\/placeholder_no_gaps-313x600.png\" alt=\"Slider Image\"><\/figure><div class=\"swiper-slide-content\">\n<div class=\"wp-block-matterlout-slider-element matterlout-slider-custom-content\">\n<h3 class=\"wp-block-heading has-text-align-center h4\">Dried fruit<\/h3>\n\n\n\n<p class=\"has-text-align-center\">From apricot to cranberry &#8211; our range is as international as it is diverse.<\/p>\n\n\n\n<div class=\"wp-block-buttons is-content-justification-center is-layout-flex wp-container-core-buttons-is-layout-16018d1d wp-block-buttons-is-layout-flex\">\n<div class=\"wp-block-button\"><a class=\"wp-block-button__link wp-element-button\" href=\"https:\/\/bruening.global\/en\/dried-fruit\/\">Go to the products<\/a><\/div>\n<\/div>\n<\/div>\n<\/div><\/div>\n\n<div class=\"swiper-slide\"><figure class=\"swiper-slide-figure\"><img decoding=\"async\" src=\"https:\/\/bruening.global\/app\/uploads\/2025\/04\/heinrich-bruening-produkte-Nusskerne-slider-500x562.png\" alt=\"Slider Image\"><\/figure><div class=\"swiper-slide-content\">\n<div class=\"wp-block-matterlout-slider-element matterlout-slider-custom-content\">\n<h3 class=\"wp-block-heading has-text-align-center h4\">Nut kernels<\/h3>\n\n\n\n<p class=\"has-text-align-center\">Even the Stone Age people knew that nuts are simply brilliant.<\/p>\n\n\n\n<div class=\"wp-block-buttons is-content-justification-center is-layout-flex wp-container-core-buttons-is-layout-16018d1d wp-block-buttons-is-layout-flex\">\n<div class=\"wp-block-button\"><a class=\"wp-block-button__link wp-element-button\" href=\"https:\/\/bruening.global\/en\/nut-kernels\/\">Go to the products<\/a><\/div>\n<\/div>\n<\/div>\n<\/div><\/div>\n\n<div class=\"swiper-slide\"><figure class=\"swiper-slide-figure\"><img decoding=\"async\" src=\"https:\/\/bruening.global\/app\/uploads\/2025\/04\/heinrich-bruening-produkte-Sultaninen-slider.png\" alt=\"Slider Image\"><\/figure><div class=\"swiper-slide-content\">\n<div class=\"wp-block-matterlout-slider-element matterlout-slider-custom-content\">\n<h3 class=\"wp-block-heading has-text-align-center h4\">Raisins<\/h3>\n\n\n\n<p class=\"has-text-align-center\">We have loved grapes for over 70 years &#8211; large, small, pithy or soft. We only put the best in the bag.<\/p>\n\n\n\n<div class=\"wp-block-buttons is-content-justification-center is-layout-flex wp-container-core-buttons-is-layout-16018d1d wp-block-buttons-is-layout-flex\">\n<div class=\"wp-block-button\"><a class=\"wp-block-button__link wp-element-button\" href=\"https:\/\/bruening.global\/en\/raisins\/\">Go to the products<\/a><\/div>\n<\/div>\n<\/div>\n<\/div><\/div>\n\n<div class=\"swiper-slide\"><figure class=\"swiper-slide-figure\"><img decoding=\"async\" src=\"https:\/\/bruening.global\/app\/uploads\/2025\/04\/bruening-sonstiges-produkte-1.png\" alt=\"Slider Image\"><\/figure><div class=\"swiper-slide-content\">\n<div class=\"wp-block-matterlout-slider-element matterlout-slider-custom-content\">\n<h3 class=\"wp-block-heading has-text-align-center h4\">Others<\/h3>\n\n\n\n<p class=\"has-text-align-center\">Exotic, unique, or simply different \u2013 our \u201cOthers\u201d category covers everything beyond the ordinary. Looking for something specific? We\u2019ll find the solution.<\/p>\n\n\n\n<div class=\"wp-block-buttons is-content-justification-center is-layout-flex wp-container-core-buttons-is-layout-16018d1d wp-block-buttons-is-layout-flex\">\n<div class=\"wp-block-button\"><a class=\"wp-block-button__link wp-element-button\">Go to the products<\/a><\/div>\n<\/div>\n<\/div>\n<\/div><\/div>\n<\/div><div class=\"swiper-navigation\"><div class=\"swiper-button-prev\"><\/div><div class=\"swiper-button-next\"><\/div><\/div><\/div><\/div>\n\n\n<div class=\"wp-block-cover alignfull is-light\"><img decoding=\"async\" class=\"wp-block-cover__image-background wp-image-700\" alt=\"\" src=\"https:\/\/bruening.global\/app\/uploads\/2025\/04\/Group-14.svg\" data-object-fit=\"cover\"\/><span aria-hidden=\"true\" class=\"wp-block-cover__background has-background-dim-0 has-background-dim\" style=\"background-color:#ca7f9e\"><\/span><div class=\"wp-block-cover__inner-container is-layout-constrained wp-block-cover-is-layout-constrained\">\n<h2 class=\"wp-block-heading has-text-align-center\"><mark style=\"background-color:rgba(0, 0, 0, 0)\" class=\"has-inline-color has-white-color\">White Labeling<\/mark><\/h2>\n\n\n\n<div class=\"wp-block-cover is-light has-normal-font-size\"><span aria-hidden=\"true\" class=\"wp-block-cover__background has-beige-background-color has-background-dim-100 has-background-dim\"><\/span><div class=\"wp-block-cover__inner-container is-layout-constrained wp-container-core-cover-is-layout-a209ae40 wp-block-cover-is-layout-constrained\">\n<div class=\"wp-block-media-text is-stacked-on-mobile\"><figure class=\"wp-block-media-text__media\"><img decoding=\"async\" width=\"850\" height=\"476\" src=\"https:\/\/bruening.global\/app\/uploads\/2025\/02\/6f74ca1d60e82a20aa85cc004fa10629-850x476.jpg\" alt=\"\" class=\"wp-image-186 size-full\" srcset=\"https:\/\/bruening.global\/app\/uploads\/2025\/02\/6f74ca1d60e82a20aa85cc004fa10629-850x476.jpg 850w, https:\/\/bruening.global\/app\/uploads\/2025\/02\/6f74ca1d60e82a20aa85cc004fa10629-500x280.jpg 500w, https:\/\/bruening.global\/app\/uploads\/2025\/02\/6f74ca1d60e82a20aa85cc004fa10629-768x430.jpg 768w, https:\/\/bruening.global\/app\/uploads\/2025\/02\/6f74ca1d60e82a20aa85cc004fa10629-1536x861.jpg 1536w, https:\/\/bruening.global\/app\/uploads\/2025\/02\/6f74ca1d60e82a20aa85cc004fa10629-2048x1148.jpg 2048w\" sizes=\"(max-width: 850px) 100vw, 850px\" \/><\/figure><div class=\"wp-block-media-text__content\">\n<h3 class=\"wp-block-heading\">Your brand, our quality<\/h3>\n\n\n\n<p>Would you like to expand your product range without having to worry about production? With our white labeling service, you can offer high-quality dried fruit and nut kernels under your own brand. From individual packaging to reliable delivery &#8211; we take care of everything.<\/p>\n\n\n\n<div class=\"wp-block-buttons is-layout-flex wp-block-buttons-is-layout-flex\">\n<div class=\"wp-block-button\"><a class=\"wp-block-button__link wp-element-button\" href=\"https:\/\/bruening.global\/en\/our-service\/\">See more<\/a><\/div>\n<\/div>\n<\/div><\/div>\n<\/div><\/div>\n<\/div><\/div>\n\n\n\n<div class=\"wp-block-columns alignwide custom-image-area is-layout-flex wp-container-core-columns-is-layout-9d6595d7 wp-block-columns-is-layout-flex\">\n<div class=\"wp-block-column is-layout-flow wp-block-column-is-layout-flow\"><\/div>\n\n\n\n<div class=\"wp-block-column is-layout-flow wp-block-column-is-layout-flow\">\n<figure class=\"wp-block-image aligncenter size-full\"><img decoding=\"async\" width=\"332\" height=\"469\" src=\"https:\/\/bruening.global\/app\/uploads\/2025\/02\/bruening_zeppelin_walnuss-1.png\" alt=\"\" class=\"wp-image-36\"\/><\/figure>\n<\/div>\n\n\n\n<div class=\"wp-block-column is-layout-flow wp-block-column-is-layout-flow\"><\/div>\n<\/div>\n\n\n\n<div class=\"wp-block-columns alignwide are-vertically-aligned-center custom-contact-area mb-05 is-layout-flex wp-container-core-columns-is-layout-9d6595d7 wp-block-columns-is-layout-flex\">\n<div class=\"wp-block-column is-vertically-aligned-center is-layout-flow wp-block-column-is-layout-flow\" style=\"flex-basis:50%\">\n<h2 class=\"wp-block-heading h1\"><mark style=\"background-color:rgba(0, 0, 0, 0)\" class=\"has-inline-color has-vivid-red-color\">dry&nbsp;since<\/mark>&nbsp;<br><mark style=\"background-color:rgba(0, 0, 0, 0)\" class=\"has-inline-color has-vivid-red-color\">1954.<\/mark><\/h2>\n\n\n\n<p><strong>We crack the business &#8211; and have been doing so for over 70 years!<\/strong><\/p>\n\n\n\n<p>Whether cashew, almond or dried mango &#8211; we are all about high-quality dried fruit and crunchy nuts. We have been in the import business for over seven decades and bring flavors from all over the world directly to the trade.<\/p>\n\n\n\n<div class=\"wp-block-buttons is-layout-flex wp-block-buttons-is-layout-flex\">\n<div class=\"wp-block-button\"><a class=\"wp-block-button__link wp-element-button\" href=\"https:\/\/bruening.global\/en\/about-us\/\">More about us<\/a><\/div>\n<\/div>\n<\/div>\n\n\n\n<div class=\"wp-block-column is-vertically-aligned-center is-layout-flow wp-block-column-is-layout-flow\" style=\"flex-basis:50%\">\n<figure class=\"wp-block-image size-full is-style-rounded\"><img decoding=\"async\" width=\"918\" height=\"550\" src=\"https:\/\/bruening.global\/app\/uploads\/2025\/04\/bruening-startseite-produkte-ueber-uns.png\" alt=\"\" class=\"wp-image-1237\" srcset=\"https:\/\/bruening.global\/app\/uploads\/2025\/04\/bruening-startseite-produkte-ueber-uns.png 918w, https:\/\/bruening.global\/app\/uploads\/2025\/04\/bruening-startseite-produkte-ueber-uns-500x300.png 500w, https:\/\/bruening.global\/app\/uploads\/2025\/04\/bruening-startseite-produkte-ueber-uns-850x509.png 850w, https:\/\/bruening.global\/app\/uploads\/2025\/04\/bruening-startseite-produkte-ueber-uns-768x460.png 768w\" sizes=\"(max-width: 918px) 100vw, 918px\" \/><\/figure>\n<\/div>\n<\/div>\n","protected":false},"excerpt":{"rendered":"<p>Our products We have over 16 different nuts, dried fruits, raisins and seeds in our range. From these, we put together individual mixtures and fill &hellip;<\/p>\n","protected":false},"author":1,"featured_media":0,"parent":0,"menu_order":0,"comment_status":"closed","ping_status":"closed","template":"","meta":{"_acf_changed":false,"footnotes":""},"class_list":["post-532","page","type-page","status-publish","hentry"],"acf":[],"yoast_head":"<!-- This site is optimized with the Yoast SEO plugin v25.9 - https:\/\/yoast.com\/wordpress\/plugins\/seo\/ -->\n<title>Homepage - Br\u00fcning<\/title>\n<meta name=\"description\" content=\"Mit \u00fcber 70 Jahren Erfahrung z\u00e4hlt die Heinrich Br\u00fcning GmbH zu den f\u00fchrenden Importeuren und Distributoren von N\u00fcssen und Trockenfr\u00fcchten.\" \/>\n<meta name=\"robots\" content=\"index, follow, max-snippet:-1, max-image-preview:large, max-video-preview:-1\" \/>\n<link rel=\"canonical\" href=\"https:\/\/bruening.global\/en\/\" \/>\n<meta property=\"og:locale\" content=\"en_US\" \/>\n<meta property=\"og:type\" content=\"article\" \/>\n<meta property=\"og:title\" content=\"Homepage - Br\u00fcning\" \/>\n<meta property=\"og:description\" content=\"Mit \u00fcber 70 Jahren Erfahrung z\u00e4hlt die Heinrich Br\u00fcning GmbH zu den f\u00fchrenden Importeuren und Distributoren von N\u00fcssen und Trockenfr\u00fcchten.\" \/>\n<meta property=\"og:url\" content=\"https:\/\/bruening.global\/en\/\" \/>\n<meta property=\"og:site_name\" content=\"Br\u00fcning\" \/>\n<meta property=\"article:modified_time\" content=\"2025-05-15T12:25:14+00:00\" \/>\n<meta name=\"twitter:card\" content=\"summary_large_image\" \/>\n<meta name=\"twitter:label1\" content=\"Est. reading time\" \/>\n\t<meta name=\"twitter:data1\" content=\"4 minutes\" \/>\n<script type=\"application\/ld+json\" class=\"yoast-schema-graph\">{\"@context\":\"https:\/\/schema.org\",\"@graph\":[{\"@type\":\"WebPage\",\"@id\":\"https:\/\/bruening.global\/en\/\",\"url\":\"https:\/\/bruening.global\/en\/\",\"name\":\"Homepage - Br\u00fcning\",\"isPartOf\":{\"@id\":\"https:\/\/bruening.global\/#website\"},\"primaryImageOfPage\":{\"@id\":\"https:\/\/bruening.global\/en\/#primaryimage\"},\"image\":{\"@id\":\"https:\/\/bruening.global\/en\/#primaryimage\"},\"thumbnailUrl\":\"https:\/\/bruening.global\/app\/uploads\/2025\/03\/bruening_pattern_01-2.svg\",\"datePublished\":\"2025-02-05T14:41:29+00:00\",\"dateModified\":\"2025-05-15T12:25:14+00:00\",\"description\":\"Mit \u00fcber 70 Jahren Erfahrung z\u00e4hlt die Heinrich Br\u00fcning GmbH zu den f\u00fchrenden Importeuren und Distributoren von N\u00fcssen und Trockenfr\u00fcchten.\",\"breadcrumb\":{\"@id\":\"https:\/\/bruening.global\/en\/#breadcrumb\"},\"inLanguage\":\"en-US\",\"potentialAction\":[{\"@type\":\"ReadAction\",\"target\":[\"https:\/\/bruening.global\/en\/\"]}]},{\"@type\":\"ImageObject\",\"inLanguage\":\"en-US\",\"@id\":\"https:\/\/bruening.global\/en\/#primaryimage\",\"url\":\"https:\/\/bruening.global\/app\/uploads\/2025\/03\/bruening_pattern_01-2.svg\",\"contentUrl\":\"https:\/\/bruening.global\/app\/uploads\/2025\/03\/bruening_pattern_01-2.svg\"},{\"@type\":\"BreadcrumbList\",\"@id\":\"https:\/\/bruening.global\/en\/#breadcrumb\",\"itemListElement\":[{\"@type\":\"ListItem\",\"position\":1,\"name\":\"Home\",\"item\":\"https:\/\/bruening.global\/en\/\"},{\"@type\":\"ListItem\",\"position\":2,\"name\":\"Homepage\"}]},{\"@type\":\"WebSite\",\"@id\":\"https:\/\/bruening.global\/#website\",\"url\":\"https:\/\/bruening.global\/\",\"name\":\"Br\u00fcning\",\"description\":\"Mit \u00fcber 70 Jahren Erfahrung z\u00e4hlt die Heinrich Br\u00fcning GmbH zu den f\u00fchrenden Importeuren und Distributoren von N\u00fcssen und Trockenfr\u00fcchten in Deutschland.\",\"potentialAction\":[{\"@type\":\"SearchAction\",\"target\":{\"@type\":\"EntryPoint\",\"urlTemplate\":\"https:\/\/bruening.global\/?s={search_term_string}\"},\"query-input\":{\"@type\":\"PropertyValueSpecification\",\"valueRequired\":true,\"valueName\":\"search_term_string\"}}],\"inLanguage\":\"en-US\"}]}<\/script>\n<!-- \/ Yoast SEO plugin. -->","yoast_head_json":{"title":"Homepage - Br\u00fcning","description":"Mit \u00fcber 70 Jahren Erfahrung z\u00e4hlt die Heinrich Br\u00fcning GmbH zu den f\u00fchrenden Importeuren und Distributoren von N\u00fcssen und Trockenfr\u00fcchten.","robots":{"index":"index","follow":"follow","max-snippet":"max-snippet:-1","max-image-preview":"max-image-preview:large","max-video-preview":"max-video-preview:-1"},"canonical":"https:\/\/bruening.global\/en\/","og_locale":"en_US","og_type":"article","og_title":"Homepage - Br\u00fcning","og_description":"Mit \u00fcber 70 Jahren Erfahrung z\u00e4hlt die Heinrich Br\u00fcning GmbH zu den f\u00fchrenden Importeuren und Distributoren von N\u00fcssen und Trockenfr\u00fcchten.","og_url":"https:\/\/bruening.global\/en\/","og_site_name":"Br\u00fcning","article_modified_time":"2025-05-15T12:25:14+00:00","twitter_card":"summary_large_image","twitter_misc":{"Est. reading time":"4 minutes"},"schema":{"@context":"https:\/\/schema.org","@graph":[{"@type":"WebPage","@id":"https:\/\/bruening.global\/en\/","url":"https:\/\/bruening.global\/en\/","name":"Homepage - Br\u00fcning","isPartOf":{"@id":"https:\/\/bruening.global\/#website"},"primaryImageOfPage":{"@id":"https:\/\/bruening.global\/en\/#primaryimage"},"image":{"@id":"https:\/\/bruening.global\/en\/#primaryimage"},"thumbnailUrl":"https:\/\/bruening.global\/app\/uploads\/2025\/03\/bruening_pattern_01-2.svg","datePublished":"2025-02-05T14:41:29+00:00","dateModified":"2025-05-15T12:25:14+00:00","description":"Mit \u00fcber 70 Jahren Erfahrung z\u00e4hlt die Heinrich Br\u00fcning GmbH zu den f\u00fchrenden Importeuren und Distributoren von N\u00fcssen und Trockenfr\u00fcchten.","breadcrumb":{"@id":"https:\/\/bruening.global\/en\/#breadcrumb"},"inLanguage":"en-US","potentialAction":[{"@type":"ReadAction","target":["https:\/\/bruening.global\/en\/"]}]},{"@type":"ImageObject","inLanguage":"en-US","@id":"https:\/\/bruening.global\/en\/#primaryimage","url":"https:\/\/bruening.global\/app\/uploads\/2025\/03\/bruening_pattern_01-2.svg","contentUrl":"https:\/\/bruening.global\/app\/uploads\/2025\/03\/bruening_pattern_01-2.svg"},{"@type":"BreadcrumbList","@id":"https:\/\/bruening.global\/en\/#breadcrumb","itemListElement":[{"@type":"ListItem","position":1,"name":"Home","item":"https:\/\/bruening.global\/en\/"},{"@type":"ListItem","position":2,"name":"Homepage"}]},{"@type":"WebSite","@id":"https:\/\/bruening.global\/#website","url":"https:\/\/bruening.global\/","name":"Br\u00fcning","description":"Mit \u00fcber 70 Jahren Erfahrung z\u00e4hlt die Heinrich Br\u00fcning GmbH zu den f\u00fchrenden Importeuren und Distributoren von N\u00fcssen und Trockenfr\u00fcchten in Deutschland.","potentialAction":[{"@type":"SearchAction","target":{"@type":"EntryPoint","urlTemplate":"https:\/\/bruening.global\/?s={search_term_string}"},"query-input":{"@type":"PropertyValueSpecification","valueRequired":true,"valueName":"search_term_string"}}],"inLanguage":"en-US"}]}},"_links":{"self":[{"href":"https:\/\/bruening.global\/en\/wp-json\/wp\/v2\/pages\/532","targetHints":{"allow":["GET"]}}],"collection":[{"href":"https:\/\/bruening.global\/en\/wp-json\/wp\/v2\/pages"}],"about":[{"href":"https:\/\/bruening.global\/en\/wp-json\/wp\/v2\/types\/page"}],"author":[{"embeddable":true,"href":"https:\/\/bruening.global\/en\/wp-json\/wp\/v2\/users\/1"}],"replies":[{"embeddable":true,"href":"https:\/\/bruening.global\/en\/wp-json\/wp\/v2\/comments?post=532"}],"version-history":[{"count":57,"href":"https:\/\/bruening.global\/en\/wp-json\/wp\/v2\/pages\/532\/revisions"}],"predecessor-version":[{"id":1878,"href":"https:\/\/bruening.global\/en\/wp-json\/wp\/v2\/pages\/532\/revisions\/1878"}],"wp:attachment":[{"href":"https:\/\/bruening.global\/en\/wp-json\/wp\/v2\/media?parent=532"}],"curies":[{"name":"wp","href":"https:\/\/api.w.org\/{rel}","templated":true}]}}