{"id":1886,"date":"2025-02-05T17:31:36","date_gmt":"2025-02-05T16:31:36","guid":{"rendered":"https:\/\/bruening.global\/?page_id=1886"},"modified":"2025-10-30T12:33:40","modified_gmt":"2025-10-30T11:33:40","slug":"impressum","status":"publish","type":"page","link":"https:\/\/bruening.global\/en\/impressum\/","title":{"rendered":"Imprint"},"content":{"rendered":"\n<div class=\"wp-block-cover alignfull is-light\" style=\"min-height:100vh;aspect-ratio:unset;\"><img decoding=\"async\" width=\"1728\" height=\"875\" class=\"wp-block-cover__image-background wp-image-74\" alt=\"\" src=\"https:\/\/bruening.global\/app\/uploads\/2025\/02\/bruening_pattern.png\" data-object-fit=\"cover\" srcset=\"https:\/\/bruening.global\/app\/uploads\/2025\/02\/bruening_pattern.png 1728w, https:\/\/bruening.global\/app\/uploads\/2025\/02\/bruening_pattern-500x253.png 500w, https:\/\/bruening.global\/app\/uploads\/2025\/02\/bruening_pattern-850x430.png 850w, https:\/\/bruening.global\/app\/uploads\/2025\/02\/bruening_pattern-768x389.png 768w, https:\/\/bruening.global\/app\/uploads\/2025\/02\/bruening_pattern-1536x778.png 1536w\" sizes=\"(max-width: 1728px) 100vw, 1728px\" \/><span aria-hidden=\"true\" class=\"wp-block-cover__background has-background-dim-0 has-background-dim\" style=\"background-color:#FFF\"><\/span><div class=\"wp-block-cover__inner-container is-layout-constrained wp-block-cover-is-layout-constrained\">\n<h1 class=\"wp-block-heading has-text-align-center\"><mark style=\"background-color:rgba(0, 0, 0, 0)\" class=\"has-inline-color has-white-color\">Imprint<\/mark><\/h1>\n<\/div><\/div>\n\n\n\n<p class=\"has-text-align-center\">Heinrich Br\u00fcning GmbH<br>Stenzelring 22<br>21107 Hamburg<\/p>\n\n\n\n<p class=\"has-text-align-center\">Phone +49 40 75 10 05 0<br>Fax +49 40 75 35 66 3<br>Email: <a href=\"mailto:info@bruening.global\"><\/a><a href=\"mailto:kontakt@bruening-suntree.de\">info@bruening.global<\/a><\/p>\n\n\n\n<p class=\"has-text-align-center\">Ust-IdNr.: DE 118564859<br>Handelsregister Nr.: HRB 32 049<br><br>VAT ID No.: DE 118564859<br>Commercial Register No.: HRB 32 049 (Heinrich Br\u00fcning GmbH)<br><br><strong>Managing Directors<\/strong><br>Stefan Feu\u00dfner, Frank Rump<\/p>\n\n\n\n<p class=\"has-text-align-center\"><strong>Design, concept and development<\/strong><br>WEDER &amp; NOCH GmbH &amp; Co. KG<br>Augustenstra\u00dfe 16<br>80333 Munich<br><a href=\"https:\/\/www.wederundnoch.de\/?utm_source=bruening&amp;utm_medium=impressum&amp;utm_campaign=rebranding\" target=\"_blank\" rel=\"noreferrer noopener\">WEDER &amp; N\u00d8CH<\/a>&nbsp;|&nbsp;<a href=\"https:\/\/matterlout.com\/?utm_source=bruening&amp;utm_medium=impressum&amp;utm_campaign=rebranding\" target=\"_blank\" rel=\"noreferrer noopener\">MATTER &amp; L\u00d8UT<\/a><br><br><strong><strong>Legal Notice<\/strong><\/strong><br>All rights reserved. Any commercial or political use of our website \u2013 in whole, in part, or in a modified form \u2013 requires the prior written consent of Heinrich Br\u00fcning GmbH. Printing, copying, or downloading content from our website is permitted for personal, non-commercial use only.<br>Trademarks, titles, photos, and logos as well as product names mentioned on our websites are trademarks of Heinrich Br\u00fcning GmbH, regardless of whether they are explicitly marked with the \u00ae symbol or not.<br><br><strong>Warranty and Liability<\/strong><br>The information provided on our websites has been compiled with the greatest care. We also strive to ensure that the content is kept up to date. However, despite careful compilation, we cannot guarantee the accuracy, completeness, or timeliness of the information provided. The use of any content available on our websites is at the user\u2019s own risk. We reserve the right to make changes at any time.<br><br><strong>External Links<\/strong><br>Links to third-party websites on our pages are beyond the control of Heinrich Br\u00fcning GmbH. Unless otherwise stated, we are not responsible for the content of these external sites. The inclusion of such links does not imply endorsement of their content unless explicitly stated. Heinrich Br\u00fcning GmbH is not liable for any external content accessible through these links.<\/p>\n","protected":false},"excerpt":{"rendered":"<p>Heinrich Br\u00fcning GmbHStenzelring 2221107 Hamburg Phone +49 40 75 10 05 0Fax +49 40 75 35 66 3Email: info@bruening.global Ust-IdNr.: DE 118564859Handelsregister Nr.: HRB 32 &hellip;<\/p>\n","protected":false},"author":2,"featured_media":0,"parent":0,"menu_order":0,"comment_status":"closed","ping_status":"closed","template":"","meta":{"_acf_changed":false,"footnotes":""},"class_list":["post-1886","page","type-page","status-publish","hentry"],"acf":[],"yoast_head":"<!-- This site is optimized with the Yoast SEO plugin v25.9 - https:\/\/yoast.com\/wordpress\/plugins\/seo\/ -->\n<title>Imprint - Br\u00fcning<\/title>\n<meta name=\"robots\" content=\"index, follow, max-snippet:-1, max-image-preview:large, max-video-preview:-1\" \/>\n<link rel=\"canonical\" href=\"https:\/\/bruening.global\/en\/impressum\/\" \/>\n<meta property=\"og:locale\" content=\"en_US\" \/>\n<meta property=\"og:type\" content=\"article\" \/>\n<meta property=\"og:title\" content=\"Imprint - Br\u00fcning\" \/>\n<meta property=\"og:description\" content=\"Heinrich Br\u00fcning GmbHStenzelring 2221107 Hamburg Phone +49 40 75 10 05 0Fax +49 40 75 35 66 3Email: info@bruening.global Ust-IdNr.: DE 118564859Handelsregister Nr.: HRB 32 &hellip;\" \/>\n<meta property=\"og:url\" content=\"https:\/\/bruening.global\/en\/impressum\/\" \/>\n<meta property=\"og:site_name\" content=\"Br\u00fcning\" \/>\n<meta property=\"article:modified_time\" content=\"2025-10-30T11:33:40+00:00\" \/>\n<meta property=\"og:image\" content=\"https:\/\/bruening.global\/app\/uploads\/2025\/02\/bruening_pattern.png\" \/>\n\t<meta property=\"og:image:width\" content=\"1728\" \/>\n\t<meta property=\"og:image:height\" content=\"875\" \/>\n\t<meta property=\"og:image:type\" content=\"image\/png\" \/>\n<meta name=\"twitter:card\" content=\"summary_large_image\" \/>\n<meta name=\"twitter:label1\" content=\"Est. reading time\" \/>\n\t<meta name=\"twitter:data1\" content=\"2 minutes\" \/>\n<script type=\"application\/ld+json\" class=\"yoast-schema-graph\">{\"@context\":\"https:\/\/schema.org\",\"@graph\":[{\"@type\":\"WebPage\",\"@id\":\"https:\/\/bruening.global\/en\/impressum\/\",\"url\":\"https:\/\/bruening.global\/en\/impressum\/\",\"name\":\"Imprint - Br\u00fcning\",\"isPartOf\":{\"@id\":\"https:\/\/bruening.global\/#website\"},\"primaryImageOfPage\":{\"@id\":\"https:\/\/bruening.global\/en\/impressum\/#primaryimage\"},\"image\":{\"@id\":\"https:\/\/bruening.global\/en\/impressum\/#primaryimage\"},\"thumbnailUrl\":\"https:\/\/bruening.global\/app\/uploads\/2025\/02\/bruening_pattern.png\",\"datePublished\":\"2025-02-05T16:31:36+00:00\",\"dateModified\":\"2025-10-30T11:33:40+00:00\",\"breadcrumb\":{\"@id\":\"https:\/\/bruening.global\/en\/impressum\/#breadcrumb\"},\"inLanguage\":\"en-US\",\"potentialAction\":[{\"@type\":\"ReadAction\",\"target\":[\"https:\/\/bruening.global\/en\/impressum\/\"]}]},{\"@type\":\"ImageObject\",\"inLanguage\":\"en-US\",\"@id\":\"https:\/\/bruening.global\/en\/impressum\/#primaryimage\",\"url\":\"https:\/\/bruening.global\/app\/uploads\/2025\/02\/bruening_pattern.png\",\"contentUrl\":\"https:\/\/bruening.global\/app\/uploads\/2025\/02\/bruening_pattern.png\"},{\"@type\":\"BreadcrumbList\",\"@id\":\"https:\/\/bruening.global\/en\/impressum\/#breadcrumb\",\"itemListElement\":[{\"@type\":\"ListItem\",\"position\":1,\"name\":\"Home\",\"item\":\"https:\/\/bruening.global\/en\/\"},{\"@type\":\"ListItem\",\"position\":2,\"name\":\"Imprint\"}]},{\"@type\":\"WebSite\",\"@id\":\"https:\/\/bruening.global\/#website\",\"url\":\"https:\/\/bruening.global\/\",\"name\":\"Br\u00fcning\",\"description\":\"Mit \u00fcber 70 Jahren Erfahrung z\u00e4hlt die Heinrich Br\u00fcning GmbH zu den f\u00fchrenden Importeuren und Distributoren von N\u00fcssen und Trockenfr\u00fcchten in Deutschland.\",\"potentialAction\":[{\"@type\":\"SearchAction\",\"target\":{\"@type\":\"EntryPoint\",\"urlTemplate\":\"https:\/\/bruening.global\/?s={search_term_string}\"},\"query-input\":{\"@type\":\"PropertyValueSpecification\",\"valueRequired\":true,\"valueName\":\"search_term_string\"}}],\"inLanguage\":\"en-US\"}]}<\/script>\n<!-- \/ Yoast SEO plugin. -->","yoast_head_json":{"title":"Imprint - Br\u00fcning","robots":{"index":"index","follow":"follow","max-snippet":"max-snippet:-1","max-image-preview":"max-image-preview:large","max-video-preview":"max-video-preview:-1"},"canonical":"https:\/\/bruening.global\/en\/impressum\/","og_locale":"en_US","og_type":"article","og_title":"Imprint - Br\u00fcning","og_description":"Heinrich Br\u00fcning GmbHStenzelring 2221107 Hamburg Phone +49 40 75 10 05 0Fax +49 40 75 35 66 3Email: info@bruening.global Ust-IdNr.: DE 118564859Handelsregister Nr.: HRB 32 &hellip;","og_url":"https:\/\/bruening.global\/en\/impressum\/","og_site_name":"Br\u00fcning","article_modified_time":"2025-10-30T11:33:40+00:00","og_image":[{"width":1728,"height":875,"url":"https:\/\/bruening.global\/app\/uploads\/2025\/02\/bruening_pattern.png","type":"image\/png"}],"twitter_card":"summary_large_image","twitter_misc":{"Est. reading time":"2 minutes"},"schema":{"@context":"https:\/\/schema.org","@graph":[{"@type":"WebPage","@id":"https:\/\/bruening.global\/en\/impressum\/","url":"https:\/\/bruening.global\/en\/impressum\/","name":"Imprint - Br\u00fcning","isPartOf":{"@id":"https:\/\/bruening.global\/#website"},"primaryImageOfPage":{"@id":"https:\/\/bruening.global\/en\/impressum\/#primaryimage"},"image":{"@id":"https:\/\/bruening.global\/en\/impressum\/#primaryimage"},"thumbnailUrl":"https:\/\/bruening.global\/app\/uploads\/2025\/02\/bruening_pattern.png","datePublished":"2025-02-05T16:31:36+00:00","dateModified":"2025-10-30T11:33:40+00:00","breadcrumb":{"@id":"https:\/\/bruening.global\/en\/impressum\/#breadcrumb"},"inLanguage":"en-US","potentialAction":[{"@type":"ReadAction","target":["https:\/\/bruening.global\/en\/impressum\/"]}]},{"@type":"ImageObject","inLanguage":"en-US","@id":"https:\/\/bruening.global\/en\/impressum\/#primaryimage","url":"https:\/\/bruening.global\/app\/uploads\/2025\/02\/bruening_pattern.png","contentUrl":"https:\/\/bruening.global\/app\/uploads\/2025\/02\/bruening_pattern.png"},{"@type":"BreadcrumbList","@id":"https:\/\/bruening.global\/en\/impressum\/#breadcrumb","itemListElement":[{"@type":"ListItem","position":1,"name":"Home","item":"https:\/\/bruening.global\/en\/"},{"@type":"ListItem","position":2,"name":"Imprint"}]},{"@type":"WebSite","@id":"https:\/\/bruening.global\/#website","url":"https:\/\/bruening.global\/","name":"Br\u00fcning","description":"Mit \u00fcber 70 Jahren Erfahrung z\u00e4hlt die Heinrich Br\u00fcning GmbH zu den f\u00fchrenden Importeuren und Distributoren von N\u00fcssen und Trockenfr\u00fcchten in Deutschland.","potentialAction":[{"@type":"SearchAction","target":{"@type":"EntryPoint","urlTemplate":"https:\/\/bruening.global\/?s={search_term_string}"},"query-input":{"@type":"PropertyValueSpecification","valueRequired":true,"valueName":"search_term_string"}}],"inLanguage":"en-US"}]}},"_links":{"self":[{"href":"https:\/\/bruening.global\/en\/wp-json\/wp\/v2\/pages\/1886","targetHints":{"allow":["GET"]}}],"collection":[{"href":"https:\/\/bruening.global\/en\/wp-json\/wp\/v2\/pages"}],"about":[{"href":"https:\/\/bruening.global\/en\/wp-json\/wp\/v2\/types\/page"}],"author":[{"embeddable":true,"href":"https:\/\/bruening.global\/en\/wp-json\/wp\/v2\/users\/2"}],"replies":[{"embeddable":true,"href":"https:\/\/bruening.global\/en\/wp-json\/wp\/v2\/comments?post=1886"}],"version-history":[{"count":10,"href":"https:\/\/bruening.global\/en\/wp-json\/wp\/v2\/pages\/1886\/revisions"}],"predecessor-version":[{"id":2064,"href":"https:\/\/bruening.global\/en\/wp-json\/wp\/v2\/pages\/1886\/revisions\/2064"}],"wp:attachment":[{"href":"https:\/\/bruening.global\/en\/wp-json\/wp\/v2\/media?parent=1886"}],"curies":[{"name":"wp","href":"https:\/\/api.w.org\/{rel}","templated":true}]}}