{"id":1884,"date":"2025-02-05T17:32:01","date_gmt":"2025-02-05T16:32:01","guid":{"rendered":"https:\/\/bruening.global\/?page_id=1884"},"modified":"2025-07-15T11:18:36","modified_gmt":"2025-07-15T09:18:36","slug":"agb","status":"publish","type":"page","link":"https:\/\/bruening.global\/en\/agb\/","title":{"rendered":"AGB"},"content":{"rendered":"\n<div class=\"wp-block-cover alignfull is-light\" style=\"min-height:100vh;aspect-ratio:unset;\"><img decoding=\"async\" width=\"1728\" height=\"875\" class=\"wp-block-cover__image-background wp-image-74\" alt=\"\" src=\"https:\/\/bruening.global\/app\/uploads\/2025\/02\/bruening_pattern.png\" data-object-fit=\"cover\" srcset=\"https:\/\/bruening.global\/app\/uploads\/2025\/02\/bruening_pattern.png 1728w, https:\/\/bruening.global\/app\/uploads\/2025\/02\/bruening_pattern-500x253.png 500w, https:\/\/bruening.global\/app\/uploads\/2025\/02\/bruening_pattern-850x430.png 850w, https:\/\/bruening.global\/app\/uploads\/2025\/02\/bruening_pattern-768x389.png 768w, https:\/\/bruening.global\/app\/uploads\/2025\/02\/bruening_pattern-1536x778.png 1536w\" sizes=\"(max-width: 1728px) 100vw, 1728px\" \/><span aria-hidden=\"true\" class=\"wp-block-cover__background has-background-dim-0 has-background-dim\" style=\"background-color:#FFF\"><\/span><div class=\"wp-block-cover__inner-container is-layout-constrained wp-block-cover-is-layout-constrained\">\n<h1 class=\"wp-block-heading has-text-align-center\"><mark style=\"background-color:rgba(0, 0, 0, 0)\" class=\"has-inline-color has-white-color\">Vertrags-bedingungen<\/mark><\/h1>\n<\/div><\/div>\n\n\n\n<p class=\"has-text-align-center\">Soweit nicht in dieser Verkaufsbest\u00e4tigung Abweichendes vereinbart ist, verkaufen und liefern wir ausschlie\u00dflich nach Ma\u00dfgabe der Bedingungen des Waren-Vereins der Hamburger B\u00f6rse e. V., in der bei Vertragsabschluss jeweils g\u00fcltigen Fassung.<\/p>\n\n\n\n<p class=\"has-text-align-center\">Der K\u00e4ufer bekennt, dass ihm die Warenvereinsbedingungen bekannt sind. Es wird im \u00fcbrigen darauf hingewiesen, dass diese Bedingungen bezogen werden k\u00f6nnen beim:<\/p>\n\n\n\n<p class=\"has-text-align-center\">Waren-Verein der Hamburger B\u00f6rse e. V.<br>Gro\u00dfe B\u00e4ckerstra\u00dfe 4, 20095 Hamburg<\/p>\n\n\n\n<p class=\"has-text-align-center\">Gesch\u00e4ftsbedingungen des K\u00e4ufers oder eines Maklers oder eines Agenten sowie Nebenabreden zum Vertragsinhalt und \u00c4nderungen des Vertrages werden nur wirksam, wenn wir schriftlich zustimmen.<\/p>\n\n\n\n<h2 class=\"wp-block-heading has-text-align-center h3\">Eigentumsvorbehalt<\/h2>\n\n\n\n<ol class=\"wp-block-list\">\n<li>Die Ware bleibt bis zur vollen Bezahlung s\u00e4mtlicher auch der bedingten oder k\u00fcnftig entstehenden Forderungen des Verk\u00e4ufers gegen den K\u00e4ufer aus der gegenseitigen Gesch\u00e4ftsverbindung Eigentum des Verk\u00e4ufers (Vorbehaltsware). Bei laufender Rechnung gilt der Eigentumsvorbehalt als Sicherung f\u00fcr die jeweilige Saldoforderung des Verk\u00e4ufers.<\/li>\n\n\n\n<li>Dem K\u00e4ufer ist eine Bearbeitung, Verarbeitung, Vermischung oder Ver\u00e4u\u00dferung von Vorbehaltsware nur unter der Bedingung gestattet, dass er detaillierte Aufzeichnungen \u00fcber den jeweiligen Verbleib der Vorbehaltsware nach Menge und Wert f\u00fchrt. Im Falle des Verzuges ist er verpflichtet, auf seine Kosten dem Verk\u00e4ufer entsprechende Nachweise vorzulegen.<\/li>\n\n\n\n<li>Die Bearbeitung oder Verarbeitung der Vorbehaltsware erfolgt stets im Auftrag des Verk\u00e4ufers, ohne dass f\u00fcr diesen Verbindlichkeiten daraus erwachsen. Diesem steht das Eigentum an der durch Be- oder Verarbeitung entstehenden neuen Sache zu. Bei Verarbeitung mit anderen, nicht dem Verk\u00e4ufer geh\u00f6renden Waren, steht dem Verk\u00e4ufer das Miteigentum an der neuen Sache zu im Verh\u00e4ltnis des Wertes der Vorbehaltsware zu den anderen verarbeiteten Waren z. Zt. der Verarbeitung. Unter dem Wert der Vorbehaltsware ist, auch im folgenden, der dem K\u00e4ufer vom Verk\u00e4ufer hierf\u00fcr berechnete Kaufpreis zu verstehen. F\u00fcr den Fall, dass die Vorbehaltsware mit anderen Waren vermischt oder verbunden wird, \u00fcbertr\u00e4gt der K\u00e4ufer hiermit dem Verk\u00e4ufer schon jetzt seine Eigentums- bzw. Miteigentumsrechte an dem vermischten Bestand oder der verbundenen einheitlichen Sache und verwahrt diese (im folgenden ebenfalls Vorbehaltsware) f\u00fcr den Verk\u00e4ufer.<\/li>\n\n\n\n<li>Der K\u00e4ufer ist erm\u00e4chtigt, Vorbehaltsware im ordnungsgem\u00e4\u00dfen Gesch\u00e4ftsverkehr unter Eigentumsvorbehalt weiter zu ver\u00e4u\u00dfern: Verpf\u00e4ndung oder Sicherungs\u00fcbereignung ist ihm untersagt. Alle dem K\u00e4ufer aus der Weiterver\u00e4u\u00dferung, einerlei, ob dieselbe vor oder nach der Verarbeitung, Vermischten oder Verbindung erfolgt, zustehende Kundenforderungen einschlie\u00dflich aller Nebenrechte tritt der K\u00e4ufer hiermit schon jetzt an den Verk\u00e4ufer zur Sicherung ab.<\/li>\n\n\n\n<li>F\u00fcr den Fall, dass Vorbehaltsware selbst oder &#8211; gleichg\u00fcltig, in welchem Zustand &#8211; vom K\u00e4ufer zusammen mit anderen Waren zu einem Gesamtpreis verkauft wird, erfolgt die hiermit bereits vollzogene Abtretung der Forderung aus dem Weiterverkauf nur in H\u00f6he desjenigen Betrages, den der Verk\u00e4ufer dem K\u00e4ufer f\u00fcr den fraglichen Teil der Vorbehaltsware berechnet hat.<\/li>\n\n\n\n<li>F\u00fcr den Fall, dass aus der Weiterver\u00e4u\u00dferung der K\u00e4ufer von seinem Kunden Wechsel oder Schecks erh\u00e4lt, tritt er hiermit dem Verk\u00e4ufer die gegen seinen Kunden bestehenden entsprechenden Wechsel- und Scheckforderungen ab, und zwar in H\u00f6he der dem Verk\u00e4ufer gem\u00e4\u00df Absatz (4) abgetretenen Forderungen aus der Weiterver\u00e4u\u00dferung. Das Eigentum an den Wechsel- und Scheckurkunden wird hiermit vom K\u00e4ufer auf den Verk\u00e4ufer \u00fcbertragen, der K\u00e4ufer verwahrt die Urkunden f\u00fcr den Verk\u00e4ufer.<\/li>\n\n\n\n<li>Der K\u00e4ufer ist bis auf Widerruf erm\u00e4chtigt, die abgetretene Forderung einzuziehen.<\/li>\n\n\n\n<li>Im Falle des Widerrufs hat der K\u00e4ufer auf Verlangen des Verk\u00e4ufers alle gew\u00fcnschten Ausk\u00fcnfte zu erteilen, den Forderungs\u00fcbergang seinen Kunden anzuzeigen und diesbez\u00fcgliche Kundenwechsel und Schecks dem Verk\u00e4ufer zu \u00fcbergeben.<\/li>\n\n\n\n<li>Der K\u00e4ufer hat die Vorbehaltsware dem Verk\u00e4ufer auf dessen Verlangen herauszugeben, wenn er mit einer Zahlung in Verzug ger\u00e4t. Der K\u00e4ufer hat ferner dem Verk\u00e4ufer den Zugriff Dritter auf die Vorbehaltsware und\/oder auf die dem Verk\u00e4ufer abgetretene Forderung unverz\u00fcglich telegrafisch oder fernschriftlich mitzuteilen.<\/li>\n\n\n\n<li>Der Verk\u00e4ufer wird auf Verlangen des K\u00e4ufers eine Sicherung insoweit und nach seiner Wahl freigegeben, als ihr Wert die zu sichernden Forderungen um mehr als 25% \u00fcbersteigt.<\/li>\n<\/ol>\n\n\n\n<h2 class=\"wp-block-heading has-text-align-center\">Gerichtsstand<\/h2>\n\n\n\n<p class=\"has-text-align-center\">Gerichtsstand ist f\u00fcr beide Parteien Hamburg.<\/p>\n\n\n\n<h2 class=\"wp-block-heading has-text-align-center\">\u00c4nderung des Kaufpreises<\/h2>\n\n\n\n<p class=\"has-text-align-center\">Wird nach Abschluss dieses Kontraktes eine Rechtsnorm wirksam, aufgrund derer eine Abgabe erhoben wird, oder werden die Kosten f\u00fcr die vereinbarte Bef\u00f6rderung dieser Ware zum Bestimmungshafen ge\u00e4ndert und \u00e4ndern sich infolgedessen die nachweislichen Aufwendungen des Verk\u00e4ufers, so \u00e4ndert sich der Kaufpreis entsprechend um diesen Unterschied. Eventuelle Frachtzuschl\u00e4ge auch bereits bestehende gehen zu Lasten des K\u00e4ufers.<\/p>\n\n\n\n<h2 class=\"wp-block-heading has-text-align-center h3\">Teilnichtigkeit<\/h2>\n\n\n\n<p class=\"has-text-align-center\">Sollte eine der Regelungen dieser Verkaufs- und Lieferbedingungen oder der Gesch\u00e4ftsbedingungen ganz oder teilweise unwirksam sein oder werden, so wird dadurch die G\u00fcltigkeit der \u00fcbrigen Regelungen des Kaufvertrages insgesamt nicht ber\u00fchrt.<\/p>\n\n\n\n<p>Diese Auftragsbest\u00e4tigung gilt in allen Teilen als genehmigt, wenn ihr nicht sofort schriftlich widersprochen wird.<\/p>\n","protected":false},"excerpt":{"rendered":"<p>Soweit nicht in dieser Verkaufsbest\u00e4tigung Abweichendes vereinbart ist, verkaufen und liefern wir ausschlie\u00dflich nach Ma\u00dfgabe der Bedingungen des Waren-Vereins der Hamburger B\u00f6rse e. V., in &hellip;<\/p>\n","protected":false},"author":2,"featured_media":0,"parent":0,"menu_order":0,"comment_status":"closed","ping_status":"closed","template":"","meta":{"_acf_changed":false,"footnotes":""},"class_list":["post-1884","page","type-page","status-publish","hentry"],"acf":[],"yoast_head":"<!-- This site is optimized with the Yoast SEO plugin v25.9 - https:\/\/yoast.com\/wordpress\/plugins\/seo\/ -->\n<title>AGB - Br\u00fcning<\/title>\n<meta name=\"robots\" content=\"index, follow, max-snippet:-1, max-image-preview:large, max-video-preview:-1\" \/>\n<link rel=\"canonical\" href=\"https:\/\/bruening.global\/en\/agb\/\" \/>\n<meta property=\"og:locale\" content=\"en_US\" \/>\n<meta property=\"og:type\" content=\"article\" \/>\n<meta property=\"og:title\" content=\"AGB - Br\u00fcning\" \/>\n<meta property=\"og:description\" content=\"Soweit nicht in dieser Verkaufsbest\u00e4tigung Abweichendes vereinbart ist, verkaufen und liefern wir ausschlie\u00dflich nach Ma\u00dfgabe der Bedingungen des Waren-Vereins der Hamburger B\u00f6rse e. V., in &hellip;\" \/>\n<meta property=\"og:url\" content=\"https:\/\/bruening.global\/en\/agb\/\" \/>\n<meta property=\"og:site_name\" content=\"Br\u00fcning\" \/>\n<meta property=\"article:modified_time\" content=\"2025-07-15T09:18:36+00:00\" \/>\n<meta property=\"og:image\" content=\"https:\/\/bruening.global\/app\/uploads\/2025\/02\/bruening_pattern.png\" \/>\n\t<meta property=\"og:image:width\" content=\"1728\" \/>\n\t<meta property=\"og:image:height\" content=\"875\" \/>\n\t<meta property=\"og:image:type\" content=\"image\/png\" \/>\n<meta name=\"twitter:card\" content=\"summary_large_image\" \/>\n<meta name=\"twitter:label1\" content=\"Est. reading time\" \/>\n\t<meta name=\"twitter:data1\" content=\"5 minutes\" \/>\n<script type=\"application\/ld+json\" class=\"yoast-schema-graph\">{\"@context\":\"https:\/\/schema.org\",\"@graph\":[{\"@type\":\"WebPage\",\"@id\":\"https:\/\/bruening.global\/en\/agb\/\",\"url\":\"https:\/\/bruening.global\/en\/agb\/\",\"name\":\"AGB - Br\u00fcning\",\"isPartOf\":{\"@id\":\"https:\/\/bruening.global\/#website\"},\"primaryImageOfPage\":{\"@id\":\"https:\/\/bruening.global\/en\/agb\/#primaryimage\"},\"image\":{\"@id\":\"https:\/\/bruening.global\/en\/agb\/#primaryimage\"},\"thumbnailUrl\":\"https:\/\/bruening.global\/app\/uploads\/2025\/02\/bruening_pattern.png\",\"datePublished\":\"2025-02-05T16:32:01+00:00\",\"dateModified\":\"2025-07-15T09:18:36+00:00\",\"breadcrumb\":{\"@id\":\"https:\/\/bruening.global\/en\/agb\/#breadcrumb\"},\"inLanguage\":\"en-US\",\"potentialAction\":[{\"@type\":\"ReadAction\",\"target\":[\"https:\/\/bruening.global\/en\/agb\/\"]}]},{\"@type\":\"ImageObject\",\"inLanguage\":\"en-US\",\"@id\":\"https:\/\/bruening.global\/en\/agb\/#primaryimage\",\"url\":\"https:\/\/bruening.global\/app\/uploads\/2025\/02\/bruening_pattern.png\",\"contentUrl\":\"https:\/\/bruening.global\/app\/uploads\/2025\/02\/bruening_pattern.png\"},{\"@type\":\"BreadcrumbList\",\"@id\":\"https:\/\/bruening.global\/en\/agb\/#breadcrumb\",\"itemListElement\":[{\"@type\":\"ListItem\",\"position\":1,\"name\":\"Home\",\"item\":\"https:\/\/bruening.global\/en\/\"},{\"@type\":\"ListItem\",\"position\":2,\"name\":\"AGB\"}]},{\"@type\":\"WebSite\",\"@id\":\"https:\/\/bruening.global\/#website\",\"url\":\"https:\/\/bruening.global\/\",\"name\":\"Br\u00fcning\",\"description\":\"Mit \u00fcber 70 Jahren Erfahrung z\u00e4hlt die Heinrich Br\u00fcning GmbH zu den f\u00fchrenden Importeuren und Distributoren von N\u00fcssen und Trockenfr\u00fcchten in Deutschland.\",\"potentialAction\":[{\"@type\":\"SearchAction\",\"target\":{\"@type\":\"EntryPoint\",\"urlTemplate\":\"https:\/\/bruening.global\/?s={search_term_string}\"},\"query-input\":{\"@type\":\"PropertyValueSpecification\",\"valueRequired\":true,\"valueName\":\"search_term_string\"}}],\"inLanguage\":\"en-US\"}]}<\/script>\n<!-- \/ Yoast SEO plugin. -->","yoast_head_json":{"title":"AGB - Br\u00fcning","robots":{"index":"index","follow":"follow","max-snippet":"max-snippet:-1","max-image-preview":"max-image-preview:large","max-video-preview":"max-video-preview:-1"},"canonical":"https:\/\/bruening.global\/en\/agb\/","og_locale":"en_US","og_type":"article","og_title":"AGB - Br\u00fcning","og_description":"Soweit nicht in dieser Verkaufsbest\u00e4tigung Abweichendes vereinbart ist, verkaufen und liefern wir ausschlie\u00dflich nach Ma\u00dfgabe der Bedingungen des Waren-Vereins der Hamburger B\u00f6rse e. V., in &hellip;","og_url":"https:\/\/bruening.global\/en\/agb\/","og_site_name":"Br\u00fcning","article_modified_time":"2025-07-15T09:18:36+00:00","og_image":[{"width":1728,"height":875,"url":"https:\/\/bruening.global\/app\/uploads\/2025\/02\/bruening_pattern.png","type":"image\/png"}],"twitter_card":"summary_large_image","twitter_misc":{"Est. reading time":"5 minutes"},"schema":{"@context":"https:\/\/schema.org","@graph":[{"@type":"WebPage","@id":"https:\/\/bruening.global\/en\/agb\/","url":"https:\/\/bruening.global\/en\/agb\/","name":"AGB - Br\u00fcning","isPartOf":{"@id":"https:\/\/bruening.global\/#website"},"primaryImageOfPage":{"@id":"https:\/\/bruening.global\/en\/agb\/#primaryimage"},"image":{"@id":"https:\/\/bruening.global\/en\/agb\/#primaryimage"},"thumbnailUrl":"https:\/\/bruening.global\/app\/uploads\/2025\/02\/bruening_pattern.png","datePublished":"2025-02-05T16:32:01+00:00","dateModified":"2025-07-15T09:18:36+00:00","breadcrumb":{"@id":"https:\/\/bruening.global\/en\/agb\/#breadcrumb"},"inLanguage":"en-US","potentialAction":[{"@type":"ReadAction","target":["https:\/\/bruening.global\/en\/agb\/"]}]},{"@type":"ImageObject","inLanguage":"en-US","@id":"https:\/\/bruening.global\/en\/agb\/#primaryimage","url":"https:\/\/bruening.global\/app\/uploads\/2025\/02\/bruening_pattern.png","contentUrl":"https:\/\/bruening.global\/app\/uploads\/2025\/02\/bruening_pattern.png"},{"@type":"BreadcrumbList","@id":"https:\/\/bruening.global\/en\/agb\/#breadcrumb","itemListElement":[{"@type":"ListItem","position":1,"name":"Home","item":"https:\/\/bruening.global\/en\/"},{"@type":"ListItem","position":2,"name":"AGB"}]},{"@type":"WebSite","@id":"https:\/\/bruening.global\/#website","url":"https:\/\/bruening.global\/","name":"Br\u00fcning","description":"Mit \u00fcber 70 Jahren Erfahrung z\u00e4hlt die Heinrich Br\u00fcning GmbH zu den f\u00fchrenden Importeuren und Distributoren von N\u00fcssen und Trockenfr\u00fcchten in Deutschland.","potentialAction":[{"@type":"SearchAction","target":{"@type":"EntryPoint","urlTemplate":"https:\/\/bruening.global\/?s={search_term_string}"},"query-input":{"@type":"PropertyValueSpecification","valueRequired":true,"valueName":"search_term_string"}}],"inLanguage":"en-US"}]}},"_links":{"self":[{"href":"https:\/\/bruening.global\/en\/wp-json\/wp\/v2\/pages\/1884","targetHints":{"allow":["GET"]}}],"collection":[{"href":"https:\/\/bruening.global\/en\/wp-json\/wp\/v2\/pages"}],"about":[{"href":"https:\/\/bruening.global\/en\/wp-json\/wp\/v2\/types\/page"}],"author":[{"embeddable":true,"href":"https:\/\/bruening.global\/en\/wp-json\/wp\/v2\/users\/2"}],"replies":[{"embeddable":true,"href":"https:\/\/bruening.global\/en\/wp-json\/wp\/v2\/comments?post=1884"}],"version-history":[{"count":1,"href":"https:\/\/bruening.global\/en\/wp-json\/wp\/v2\/pages\/1884\/revisions"}],"predecessor-version":[{"id":1885,"href":"https:\/\/bruening.global\/en\/wp-json\/wp\/v2\/pages\/1884\/revisions\/1885"}],"wp:attachment":[{"href":"https:\/\/bruening.global\/en\/wp-json\/wp\/v2\/media?parent=1884"}],"curies":[{"name":"wp","href":"https:\/\/api.w.org\/{rel}","templated":true}]}}