{"id":1841,"date":"2025-02-27T08:13:14","date_gmt":"2025-02-27T07:13:14","guid":{"rendered":"https:\/\/bruening.global\/?page_id=1841"},"modified":"2025-05-14T17:27:07","modified_gmt":"2025-05-14T15:27:07","slug":"blog","status":"publish","type":"page","link":"https:\/\/bruening.global\/en\/blog\/","title":{"rendered":"Blog"},"content":{"rendered":"\n<div class=\"wp-block-cover alignfull is-light\"><img decoding=\"async\" class=\"wp-block-cover__image-background wp-image-806\" alt=\"\" src=\"https:\/\/bruening.global\/app\/uploads\/2025\/04\/rot-pink.svg\" data-object-fit=\"cover\"\/><span aria-hidden=\"true\" class=\"wp-block-cover__background has-background-dim-0 has-background-dim\" style=\"background-color:#ea506d\"><\/span><div class=\"wp-block-cover__inner-container is-layout-constrained wp-block-cover-is-layout-constrained\">\n<h1 class=\"wp-block-heading has-text-align-center\"><br><mark style=\"background-color:rgba(0, 0, 0, 0)\" class=\"has-inline-color has-vivid-purple-color\">crunchy updates<\/mark><br><br><\/h1>\n<\/div><\/div>\n\n\n\n<div class=\"wp-block-columns alignwide custom-image-area is-layout-flex wp-container-core-columns-is-layout-9d6595d7 wp-block-columns-is-layout-flex\">\n<div class=\"wp-block-column is-layout-flow wp-block-column-is-layout-flow\"><\/div>\n\n\n\n<div class=\"wp-block-column is-layout-flow wp-block-column-is-layout-flow\">\n<figure class=\"wp-block-image aligncenter size-full is-resized\"><img decoding=\"async\" width=\"700\" height=\"606\" src=\"https:\/\/bruening.global\/app\/uploads\/2025\/04\/bruening_fahrrad_apfelring.png\" alt=\"\" class=\"wp-image-814\" style=\"object-fit:cover;width:364px;height:auto\" srcset=\"https:\/\/bruening.global\/app\/uploads\/2025\/04\/bruening_fahrrad_apfelring.png 700w, https:\/\/bruening.global\/app\/uploads\/2025\/04\/bruening_fahrrad_apfelring-500x433.png 500w, https:\/\/bruening.global\/app\/uploads\/2025\/04\/bruening_fahrrad_apfelring-693x600.png 693w\" sizes=\"(max-width: 700px) 100vw, 700px\" \/><\/figure>\n<\/div>\n\n\n\n<div class=\"wp-block-column is-layout-flow wp-block-column-is-layout-flow\"><\/div>\n<\/div>\n\n\n\n<h3 class=\"wp-block-heading has-text-align-center\">Bite-sized news and stories from Br\u00fcning.global<\/h3>\n\n\n<div class=\"cpt-grid-wrapper  alignfull\"><div class=\"cpt-grid grid\"><div class=\"grid_col grid_col_sm_1 grid_col_md_2 grid_col_lg_4\" data-filter=\"PACKAGING THAT FITS: HOW BR\u00fcNING SUPPORTS PRODUCTS FROM SAMPLE TO SHELF\"><div class=\"matterlout-card news-normal\">\n    <a href=\"https:\/\/bruening.global\/en\/packaging-that-fits-how-bruning-supports-products-from-sample-to-shelf\/\">\n        <img decoding=\"async\" width=\"1800\" height=\"1200\" src=\"https:\/\/bruening.global\/app\/uploads\/2025\/03\/Blogartikel-01.jpg\" class=\"attachment-matterlout-news-image size-matterlout-news-image wp-post-image\" alt=\"\" srcset=\"https:\/\/bruening.global\/app\/uploads\/2025\/03\/Blogartikel-01.jpg 1800w, https:\/\/bruening.global\/app\/uploads\/2025\/03\/Blogartikel-01-500x333.jpg 500w, https:\/\/bruening.global\/app\/uploads\/2025\/03\/Blogartikel-01-850x567.jpg 850w, https:\/\/bruening.global\/app\/uploads\/2025\/03\/Blogartikel-01-768x512.jpg 768w, https:\/\/bruening.global\/app\/uploads\/2025\/03\/Blogartikel-01-1536x1024.jpg 1536w\" sizes=\"(max-width: 1800px) 100vw, 1800px\" \/>        <div class=\"news-content\">\n            <p>Packaging That Fits: How Br\u00fcning Supports Products from Sample to Shelf<\/p>\n        <\/div>\n        \n        <span class=\"read_more\">Read more <\/span>\n    <\/a>\n<\/div>\n<\/div><div class=\"grid_col grid_col_sm_1 grid_col_md_2 grid_col_lg_4\" data-filter=\"PAST MEETS FUTURE: THE BR\u00fcNING REBRAND STORY\"><div class=\"matterlout-card news-normal\">\n    <a href=\"https:\/\/bruening.global\/en\/past-meets-future-the-bruning-rebrand-story\/\">\n        <img decoding=\"async\" width=\"2000\" height=\"1333\" src=\"https:\/\/bruening.global\/app\/uploads\/2025\/03\/Bruening-trockenfruechte-nusskerne.jpg\" class=\"attachment-matterlout-news-image size-matterlout-news-image wp-post-image\" alt=\"\" srcset=\"https:\/\/bruening.global\/app\/uploads\/2025\/03\/Bruening-trockenfruechte-nusskerne.jpg 2000w, https:\/\/bruening.global\/app\/uploads\/2025\/03\/Bruening-trockenfruechte-nusskerne-500x333.jpg 500w, https:\/\/bruening.global\/app\/uploads\/2025\/03\/Bruening-trockenfruechte-nusskerne-850x567.jpg 850w, https:\/\/bruening.global\/app\/uploads\/2025\/03\/Bruening-trockenfruechte-nusskerne-768x512.jpg 768w, https:\/\/bruening.global\/app\/uploads\/2025\/03\/Bruening-trockenfruechte-nusskerne-1536x1024.jpg 1536w\" sizes=\"(max-width: 2000px) 100vw, 2000px\" \/>        <div class=\"news-content\">\n            <p>Past Meets Future: The Br\u00fcning Rebrand Story<\/p>\n        <\/div>\n        \n        <span class=\"read_more\">Read more <\/span>\n    <\/a>\n<\/div>\n<\/div><\/div><\/div>","protected":false},"excerpt":{"rendered":"<p>Bite-sized news and stories from Br\u00fcning.global<\/p>\n","protected":false},"author":2,"featured_media":0,"parent":0,"menu_order":0,"comment_status":"closed","ping_status":"closed","template":"","meta":{"_acf_changed":false,"footnotes":""},"class_list":["post-1841","page","type-page","status-publish","hentry"],"acf":[],"yoast_head":"<!-- This site is optimized with the Yoast SEO plugin v25.9 - https:\/\/yoast.com\/wordpress\/plugins\/seo\/ -->\n<title>Blog - Br\u00fcning<\/title>\n<meta name=\"robots\" content=\"index, follow, max-snippet:-1, max-image-preview:large, max-video-preview:-1\" \/>\n<link rel=\"canonical\" href=\"https:\/\/bruening.global\/en\/blog\/\" \/>\n<meta property=\"og:locale\" content=\"en_US\" \/>\n<meta property=\"og:type\" content=\"article\" \/>\n<meta property=\"og:title\" content=\"Blog - Br\u00fcning\" \/>\n<meta property=\"og:description\" content=\"Bite-sized news and stories from Br\u00fcning.global\" \/>\n<meta property=\"og:url\" content=\"https:\/\/bruening.global\/en\/blog\/\" \/>\n<meta property=\"og:site_name\" content=\"Br\u00fcning\" \/>\n<meta property=\"article:modified_time\" content=\"2025-05-14T15:27:07+00:00\" \/>\n<meta name=\"twitter:card\" content=\"summary_large_image\" \/>\n<meta name=\"twitter:label1\" content=\"Est. reading time\" \/>\n\t<meta name=\"twitter:data1\" content=\"1 minute\" \/>\n<script type=\"application\/ld+json\" class=\"yoast-schema-graph\">{\"@context\":\"https:\/\/schema.org\",\"@graph\":[{\"@type\":\"WebPage\",\"@id\":\"https:\/\/bruening.global\/en\/blog\/\",\"url\":\"https:\/\/bruening.global\/en\/blog\/\",\"name\":\"Blog - Br\u00fcning\",\"isPartOf\":{\"@id\":\"https:\/\/bruening.global\/#website\"},\"primaryImageOfPage\":{\"@id\":\"https:\/\/bruening.global\/en\/blog\/#primaryimage\"},\"image\":{\"@id\":\"https:\/\/bruening.global\/en\/blog\/#primaryimage\"},\"thumbnailUrl\":\"https:\/\/bruening.global\/app\/uploads\/2025\/04\/rot-pink.svg\",\"datePublished\":\"2025-02-27T07:13:14+00:00\",\"dateModified\":\"2025-05-14T15:27:07+00:00\",\"breadcrumb\":{\"@id\":\"https:\/\/bruening.global\/en\/blog\/#breadcrumb\"},\"inLanguage\":\"en-US\",\"potentialAction\":[{\"@type\":\"ReadAction\",\"target\":[\"https:\/\/bruening.global\/en\/blog\/\"]}]},{\"@type\":\"ImageObject\",\"inLanguage\":\"en-US\",\"@id\":\"https:\/\/bruening.global\/en\/blog\/#primaryimage\",\"url\":\"https:\/\/bruening.global\/app\/uploads\/2025\/04\/rot-pink.svg\",\"contentUrl\":\"https:\/\/bruening.global\/app\/uploads\/2025\/04\/rot-pink.svg\"},{\"@type\":\"BreadcrumbList\",\"@id\":\"https:\/\/bruening.global\/en\/blog\/#breadcrumb\",\"itemListElement\":[{\"@type\":\"ListItem\",\"position\":1,\"name\":\"Home\",\"item\":\"https:\/\/bruening.global\/en\/\"},{\"@type\":\"ListItem\",\"position\":2,\"name\":\"Blog\"}]},{\"@type\":\"WebSite\",\"@id\":\"https:\/\/bruening.global\/#website\",\"url\":\"https:\/\/bruening.global\/\",\"name\":\"Br\u00fcning\",\"description\":\"Mit \u00fcber 70 Jahren Erfahrung z\u00e4hlt die Heinrich Br\u00fcning GmbH zu den f\u00fchrenden Importeuren und Distributoren von N\u00fcssen und Trockenfr\u00fcchten in Deutschland.\",\"potentialAction\":[{\"@type\":\"SearchAction\",\"target\":{\"@type\":\"EntryPoint\",\"urlTemplate\":\"https:\/\/bruening.global\/?s={search_term_string}\"},\"query-input\":{\"@type\":\"PropertyValueSpecification\",\"valueRequired\":true,\"valueName\":\"search_term_string\"}}],\"inLanguage\":\"en-US\"}]}<\/script>\n<!-- \/ Yoast SEO plugin. -->","yoast_head_json":{"title":"Blog - Br\u00fcning","robots":{"index":"index","follow":"follow","max-snippet":"max-snippet:-1","max-image-preview":"max-image-preview:large","max-video-preview":"max-video-preview:-1"},"canonical":"https:\/\/bruening.global\/en\/blog\/","og_locale":"en_US","og_type":"article","og_title":"Blog - Br\u00fcning","og_description":"Bite-sized news and stories from Br\u00fcning.global","og_url":"https:\/\/bruening.global\/en\/blog\/","og_site_name":"Br\u00fcning","article_modified_time":"2025-05-14T15:27:07+00:00","twitter_card":"summary_large_image","twitter_misc":{"Est. reading time":"1 minute"},"schema":{"@context":"https:\/\/schema.org","@graph":[{"@type":"WebPage","@id":"https:\/\/bruening.global\/en\/blog\/","url":"https:\/\/bruening.global\/en\/blog\/","name":"Blog - Br\u00fcning","isPartOf":{"@id":"https:\/\/bruening.global\/#website"},"primaryImageOfPage":{"@id":"https:\/\/bruening.global\/en\/blog\/#primaryimage"},"image":{"@id":"https:\/\/bruening.global\/en\/blog\/#primaryimage"},"thumbnailUrl":"https:\/\/bruening.global\/app\/uploads\/2025\/04\/rot-pink.svg","datePublished":"2025-02-27T07:13:14+00:00","dateModified":"2025-05-14T15:27:07+00:00","breadcrumb":{"@id":"https:\/\/bruening.global\/en\/blog\/#breadcrumb"},"inLanguage":"en-US","potentialAction":[{"@type":"ReadAction","target":["https:\/\/bruening.global\/en\/blog\/"]}]},{"@type":"ImageObject","inLanguage":"en-US","@id":"https:\/\/bruening.global\/en\/blog\/#primaryimage","url":"https:\/\/bruening.global\/app\/uploads\/2025\/04\/rot-pink.svg","contentUrl":"https:\/\/bruening.global\/app\/uploads\/2025\/04\/rot-pink.svg"},{"@type":"BreadcrumbList","@id":"https:\/\/bruening.global\/en\/blog\/#breadcrumb","itemListElement":[{"@type":"ListItem","position":1,"name":"Home","item":"https:\/\/bruening.global\/en\/"},{"@type":"ListItem","position":2,"name":"Blog"}]},{"@type":"WebSite","@id":"https:\/\/bruening.global\/#website","url":"https:\/\/bruening.global\/","name":"Br\u00fcning","description":"Mit \u00fcber 70 Jahren Erfahrung z\u00e4hlt die Heinrich Br\u00fcning GmbH zu den f\u00fchrenden Importeuren und Distributoren von N\u00fcssen und Trockenfr\u00fcchten in Deutschland.","potentialAction":[{"@type":"SearchAction","target":{"@type":"EntryPoint","urlTemplate":"https:\/\/bruening.global\/?s={search_term_string}"},"query-input":{"@type":"PropertyValueSpecification","valueRequired":true,"valueName":"search_term_string"}}],"inLanguage":"en-US"}]}},"_links":{"self":[{"href":"https:\/\/bruening.global\/en\/wp-json\/wp\/v2\/pages\/1841","targetHints":{"allow":["GET"]}}],"collection":[{"href":"https:\/\/bruening.global\/en\/wp-json\/wp\/v2\/pages"}],"about":[{"href":"https:\/\/bruening.global\/en\/wp-json\/wp\/v2\/types\/page"}],"author":[{"embeddable":true,"href":"https:\/\/bruening.global\/en\/wp-json\/wp\/v2\/users\/2"}],"replies":[{"embeddable":true,"href":"https:\/\/bruening.global\/en\/wp-json\/wp\/v2\/comments?post=1841"}],"version-history":[{"count":1,"href":"https:\/\/bruening.global\/en\/wp-json\/wp\/v2\/pages\/1841\/revisions"}],"predecessor-version":[{"id":1842,"href":"https:\/\/bruening.global\/en\/wp-json\/wp\/v2\/pages\/1841\/revisions\/1842"}],"wp:attachment":[{"href":"https:\/\/bruening.global\/en\/wp-json\/wp\/v2\/media?parent=1841"}],"curies":[{"name":"wp","href":"https:\/\/api.w.org\/{rel}","templated":true}]}}