{"id":1810,"date":"2025-02-27T08:15:38","date_gmt":"2025-02-27T07:15:38","guid":{"rendered":"https:\/\/bruening.global\/?page_id=1810"},"modified":"2025-05-20T14:23:27","modified_gmt":"2025-05-20T12:23:27","slug":"others","status":"publish","type":"page","link":"https:\/\/bruening.global\/en\/others\/","title":{"rendered":"Others"},"content":{"rendered":"\n<div class=\"wp-block-cover alignfull\"><img decoding=\"async\" class=\"wp-block-cover__image-background wp-image-1167\" alt=\"\" src=\"https:\/\/bruening.global\/app\/uploads\/2025\/04\/pink-viola.svg\" data-object-fit=\"cover\"\/><span aria-hidden=\"true\" class=\"wp-block-cover__background has-background-dim-0 has-background-dim\" style=\"background-color:#a04e8e\"><\/span><div class=\"wp-block-cover__inner-container is-layout-constrained wp-block-cover-is-layout-constrained\">\n<h1 class=\"wp-block-heading has-text-align-center\"><br><mark style=\"background-color:rgba(0, 0, 0, 0)\" class=\"has-inline-color has-red-color\">Others<\/mark><br><br><\/h1>\n<\/div><\/div>\n\n\n\n<div class=\"wp-block-columns alignwide custom-image-area is-layout-flex wp-container-core-columns-is-layout-9d6595d7 wp-block-columns-is-layout-flex\">\n<div class=\"wp-block-column is-layout-flow wp-block-column-is-layout-flow\"><\/div>\n\n\n\n<div class=\"wp-block-column is-layout-flow wp-block-column-is-layout-flow\">\n<figure class=\"wp-block-image aligncenter size-full is-resized\"><img decoding=\"async\" width=\"800\" height=\"737\" src=\"https:\/\/bruening.global\/app\/uploads\/2025\/04\/bruening_schubkarre_cashew.png\" alt=\"\" class=\"wp-image-1175\" style=\"width:327px;height:auto\" srcset=\"https:\/\/bruening.global\/app\/uploads\/2025\/04\/bruening_schubkarre_cashew.png 800w, https:\/\/bruening.global\/app\/uploads\/2025\/04\/bruening_schubkarre_cashew-500x461.png 500w, https:\/\/bruening.global\/app\/uploads\/2025\/04\/bruening_schubkarre_cashew-651x600.png 651w, https:\/\/bruening.global\/app\/uploads\/2025\/04\/bruening_schubkarre_cashew-768x708.png 768w\" sizes=\"(max-width: 800px) 100vw, 800px\" \/><\/figure>\n<\/div>\n\n\n\n<div class=\"wp-block-column is-layout-flow wp-block-column-is-layout-flow\"><\/div>\n<\/div>\n\n\n\n<h2 class=\"wp-block-heading has-text-align-center\">Small size. Big energy.<\/h2>\n\n\n\n<p class=\"has-text-align-center\">From pine nuts to poppy seeds &#8211; this category contains concentrated plant power. Our seeds and kernels are true all-rounders: nutty, nutritious and versatile.<\/p>\n\n\n\n<div class=\"wp-block-columns alignwide is-layout-flex wp-container-core-columns-is-layout-9d6595d7 wp-block-columns-is-layout-flex\">\n<div class=\"wp-block-column is-layout-flow wp-block-column-is-layout-flow\" style=\"flex-basis:45%\">\n<figure class=\"wp-block-image aligncenter size-full is-resized\"><img decoding=\"async\" width=\"800\" height=\"740\" src=\"https:\/\/bruening.global\/app\/uploads\/2025\/05\/Heinrich-Bruening-Produkte-Sonnenblumen-confectionary-type-2.png\" alt=\"\" class=\"wp-image-1963\" style=\"width:183px;height:auto\" srcset=\"https:\/\/bruening.global\/app\/uploads\/2025\/05\/Heinrich-Bruening-Produkte-Sonnenblumen-confectionary-type-2.png 800w, https:\/\/bruening.global\/app\/uploads\/2025\/05\/Heinrich-Bruening-Produkte-Sonnenblumen-confectionary-type-2-500x463.png 500w, https:\/\/bruening.global\/app\/uploads\/2025\/05\/Heinrich-Bruening-Produkte-Sonnenblumen-confectionary-type-2-649x600.png 649w, https:\/\/bruening.global\/app\/uploads\/2025\/05\/Heinrich-Bruening-Produkte-Sonnenblumen-confectionary-type-2-768x710.png 768w\" sizes=\"(max-width: 800px) 100vw, 800px\" \/><\/figure>\n\n\n\n<h4 class=\"wp-block-heading has-text-align-center mb-0\">Sunflower seeds<\/h4>\n\n\n\n<p class=\"has-text-align-center\">Confectionary Type<\/p>\n\n\n\n<div class=\"wp-block-buttons is-content-justification-center is-layout-flex wp-container-core-buttons-is-layout-16018d1d wp-block-buttons-is-layout-flex\">\n<div class=\"wp-block-button\"><a class=\"wp-block-button__link wp-element-button\" href=\"https:\/\/bruening.global\/en\/produkte\/sunflower-seeds-confectionary-type\/\">See more<\/a><\/div>\n<\/div>\n<\/div>\n\n\n\n<div class=\"wp-block-column is-layout-flow wp-block-column-is-layout-flow\" style=\"flex-basis:45%\">\n<figure class=\"wp-block-image aligncenter size-full is-resized\"><img decoding=\"async\" width=\"800\" height=\"788\" src=\"https:\/\/bruening.global\/app\/uploads\/2025\/04\/Sonnenblumenkerne-06.png\" alt=\"\" class=\"wp-image-968\" style=\"width:179px;height:auto\" srcset=\"https:\/\/bruening.global\/app\/uploads\/2025\/04\/Sonnenblumenkerne-06.png 800w, https:\/\/bruening.global\/app\/uploads\/2025\/04\/Sonnenblumenkerne-06-500x493.png 500w, https:\/\/bruening.global\/app\/uploads\/2025\/04\/Sonnenblumenkerne-06-609x600.png 609w, https:\/\/bruening.global\/app\/uploads\/2025\/04\/Sonnenblumenkerne-06-768x756.png 768w\" sizes=\"(max-width: 800px) 100vw, 800px\" \/><\/figure>\n\n\n\n<h4 class=\"wp-block-heading has-text-align-center mb-0\">Sunflower seeds<\/h4>\n\n\n\n<p class=\"has-text-align-center\">Bakery Type<\/p>\n\n\n\n<div class=\"wp-block-buttons is-content-justification-center is-layout-flex wp-container-core-buttons-is-layout-16018d1d wp-block-buttons-is-layout-flex\">\n<div class=\"wp-block-button\"><a class=\"wp-block-button__link wp-element-button\" href=\"https:\/\/bruening.global\/en\/produkte\/sunflower-seeds-bakery-type\/\">See more<\/a><\/div>\n<\/div>\n<\/div>\n\n\n\n<div class=\"wp-block-column is-layout-flow wp-block-column-is-layout-flow\" style=\"flex-basis:45%\">\n<figure class=\"wp-block-image aligncenter size-full is-resized\"><img decoding=\"async\" width=\"800\" height=\"708\" src=\"https:\/\/bruening.global\/app\/uploads\/2025\/04\/Kuerbiskerne-05.png\" alt=\"\" class=\"wp-image-1171\" style=\"width:195px;height:auto\" srcset=\"https:\/\/bruening.global\/app\/uploads\/2025\/04\/Kuerbiskerne-05.png 800w, https:\/\/bruening.global\/app\/uploads\/2025\/04\/Kuerbiskerne-05-500x443.png 500w, https:\/\/bruening.global\/app\/uploads\/2025\/04\/Kuerbiskerne-05-678x600.png 678w, https:\/\/bruening.global\/app\/uploads\/2025\/04\/Kuerbiskerne-05-768x680.png 768w\" sizes=\"(max-width: 800px) 100vw, 800px\" \/><\/figure>\n\n\n\n<h4 class=\"wp-block-heading has-text-align-center mb-0\">Pumpkin seeds kernels <\/h4>\n\n\n\n<p class=\"has-text-align-center\">Grade AA<\/p>\n\n\n\n<div class=\"wp-block-buttons is-content-justification-center is-layout-flex wp-container-core-buttons-is-layout-16018d1d wp-block-buttons-is-layout-flex\">\n<div class=\"wp-block-button\"><a class=\"wp-block-button__link wp-element-button\" href=\"https:\/\/bruening.global\/en\/produkte\/pumpkin-seeds-kernels-grade-a\/\">See more<\/a><\/div>\n<\/div>\n<\/div>\n<\/div>\n\n\n\n<div class=\"wp-block-columns alignwide is-layout-flex wp-container-core-columns-is-layout-9d6595d7 wp-block-columns-is-layout-flex\">\n<div class=\"wp-block-column is-layout-flow wp-block-column-is-layout-flow\" style=\"flex-basis:25%\"><\/div>\n\n\n\n<div class=\"wp-block-column is-layout-flow wp-block-column-is-layout-flow\" style=\"flex-basis:25%\">\n<figure class=\"wp-block-image aligncenter size-full is-resized\"><img decoding=\"async\" width=\"800\" height=\"708\" src=\"https:\/\/bruening.global\/app\/uploads\/2025\/04\/Kuerbiskerne-05.png\" alt=\"\" class=\"wp-image-1171\" style=\"width:195px;height:auto\" srcset=\"https:\/\/bruening.global\/app\/uploads\/2025\/04\/Kuerbiskerne-05.png 800w, https:\/\/bruening.global\/app\/uploads\/2025\/04\/Kuerbiskerne-05-500x443.png 500w, https:\/\/bruening.global\/app\/uploads\/2025\/04\/Kuerbiskerne-05-678x600.png 678w, https:\/\/bruening.global\/app\/uploads\/2025\/04\/Kuerbiskerne-05-768x680.png 768w\" sizes=\"(max-width: 800px) 100vw, 800px\" \/><\/figure>\n\n\n\n<h4 class=\"wp-block-heading has-text-align-center mb-0\">Pumpkin seeds kernels <\/h4>\n\n\n\n<p class=\"has-text-align-center\">Grade A<\/p>\n\n\n\n<div class=\"wp-block-buttons is-content-justification-center is-layout-flex wp-container-core-buttons-is-layout-16018d1d wp-block-buttons-is-layout-flex\">\n<div class=\"wp-block-button\"><a class=\"wp-block-button__link wp-element-button\" href=\"https:\/\/bruening.global\/en\/produkte\/pumpkin-seeds-kernels-grade-a-2\/\">See more<\/a><\/div>\n<\/div>\n<\/div>\n\n\n\n<div class=\"wp-block-column is-layout-flow wp-block-column-is-layout-flow\" style=\"flex-basis:25%\">\n<figure class=\"wp-block-image aligncenter size-full is-resized\"><img decoding=\"async\" width=\"800\" height=\"807\" src=\"https:\/\/bruening.global\/app\/uploads\/2025\/04\/Pinienkerne.png\" alt=\"\" class=\"wp-image-975\" style=\"width:173px;height:auto\" srcset=\"https:\/\/bruening.global\/app\/uploads\/2025\/04\/Pinienkerne.png 800w, https:\/\/bruening.global\/app\/uploads\/2025\/04\/Pinienkerne-500x504.png 500w, https:\/\/bruening.global\/app\/uploads\/2025\/04\/Pinienkerne-595x600.png 595w, https:\/\/bruening.global\/app\/uploads\/2025\/04\/Pinienkerne-768x775.png 768w\" sizes=\"(max-width: 800px) 100vw, 800px\" \/><\/figure>\n\n\n\n<h4 class=\"wp-block-heading has-text-align-center\">Pine nuts<\/h4>\n\n\n\n<div class=\"wp-block-buttons is-content-justification-center is-layout-flex wp-container-core-buttons-is-layout-16018d1d wp-block-buttons-is-layout-flex\">\n<div class=\"wp-block-button\"><a class=\"wp-block-button__link wp-element-button\" href=\"https:\/\/bruening.global\/en\/produkte\/pine-nuts\/\">See more<\/a><\/div>\n<\/div>\n<\/div>\n\n\n\n<div class=\"wp-block-column is-layout-flow wp-block-column-is-layout-flow\" style=\"flex-basis:25%\"><\/div>\n<\/div>\n\n\n\n<h2 class=\"wp-block-heading has-text-align-center\"><mark style=\"background-color:rgba(0, 0, 0, 0)\" class=\"has-inline-color has-purple-color\">wants more? no problem!<\/mark><\/h2>\n\n\n\n<p class=\"has-text-align-center\"><br>Our range is constantly growing &#8211; if you have a special variety or special requirements, we will be happy to advise you.<\/p>\n\n\n\n<div class=\"wp-block-columns alignwide is-layout-flex wp-container-core-columns-is-layout-9d6595d7 wp-block-columns-is-layout-flex\">\n<div class=\"wp-block-column is-layout-flow wp-block-column-is-layout-flow\" style=\"flex-basis:25%\"><\/div>\n\n\n\n<div class=\"wp-block-column is-layout-flow wp-block-column-is-layout-flow\" style=\"flex-basis:50%\">\n<div class=\"wpcf7 no-js\" id=\"wpcf7-f1825-o1\" lang=\"de-DE\" dir=\"ltr\" data-wpcf7-id=\"1825\">\n<div class=\"screen-reader-response\"><p role=\"status\" aria-live=\"polite\" aria-atomic=\"true\"><\/p> <ul><\/ul><\/div>\n<form action=\"\/en\/wp-json\/wp\/v2\/pages\/1810#wpcf7-f1825-o1\" method=\"post\" class=\"wpcf7-form init\" aria-label=\"Kontaktformular\" novalidate=\"novalidate\" data-status=\"init\">\n<fieldset class=\"hidden-fields-container\"><input type=\"hidden\" name=\"_wpcf7\" value=\"1825\" \/><input type=\"hidden\" name=\"_wpcf7_version\" value=\"6.1.5\" \/><input type=\"hidden\" name=\"_wpcf7_locale\" value=\"de_DE\" \/><input type=\"hidden\" name=\"_wpcf7_unit_tag\" value=\"wpcf7-f1825-o1\" \/><input type=\"hidden\" name=\"_wpcf7_container_post\" value=\"0\" \/><input type=\"hidden\" name=\"_wpcf7_posted_data_hash\" value=\"\" \/>\n<\/fieldset>\n<div id=\"kontakt\" class=\"row\">\n\t<div class=\"col-lg-6\">\n\t\t<p><label> Your name*<\/label><br \/>\n<span class=\"wpcf7-form-control-wrap\" data-name=\"your-name\"><input size=\"40\" maxlength=\"400\" class=\"wpcf7-form-control wpcf7-text wpcf7-validates-as-required\" autocomplete=\"name\" aria-required=\"true\" aria-invalid=\"false\" placeholder=\"Enter your name here\" value=\"\" type=\"text\" name=\"your-name\" \/><\/span>\n\t\t<\/p>\n\t<\/div>\n\t<div class=\"col-lg-6\">\n\t\t<p><label> E-mail address*<\/label><br \/>\n<span class=\"wpcf7-form-control-wrap\" data-name=\"your-email\"><input size=\"40\" maxlength=\"400\" class=\"wpcf7-form-control wpcf7-email wpcf7-validates-as-required wpcf7-text wpcf7-validates-as-email\" autocomplete=\"email\" aria-required=\"true\" aria-invalid=\"false\" placeholder=\"Write your e-mail here\" value=\"\" type=\"email\" name=\"your-email\" \/><\/span>\n\t\t<\/p>\n\t<\/div>\n\t<div class=\"col-lg-12\">\n\t\t<p><label> Your message*<\/label><br \/>\n<span class=\"wpcf7-form-control-wrap\" data-name=\"your-message\"><textarea cols=\"40\" rows=\"10\" maxlength=\"2000\" class=\"wpcf7-form-control wpcf7-textarea wpcf7-validates-as-required\" aria-required=\"true\" aria-invalid=\"false\" placeholder=\"Let us know what ideas you have and which product you are interested in!\" name=\"your-message\"><\/textarea><\/span>\n\t\t<\/p>\n\t\t<div class=\"submit-a-wrapper\">\n\t\t\t<p><span class=\"wpcf7-form-control-wrap\" data-name=\"acceptance-619\"><span class=\"wpcf7-form-control wpcf7-acceptance optional\"><span class=\"wpcf7-list-item\"><label><input type=\"checkbox\" name=\"acceptance-619\" value=\"1\" aria-invalid=\"false\" \/><span class=\"wpcf7-list-item-label\">I consent to the processing of the personal data provided in the contact form for the purpose of contacting me by Heinrich Br\u00fcning GmbH. Further information on data processing can be found in our <a href=\"\/en\/datenschutz\">privacy policy<\/a>.<\/span><\/label><\/span><\/span><\/span><br \/>\n<input class=\"wpcf7-form-control wpcf7-submit has-spinner\" type=\"submit\" value=\"Send\" \/>\n\t\t\t<\/p>\n\t\t<\/div>\n\t<\/div>\n<\/div><input type='hidden' class='wpcf7-pum' value='{\"closepopup\":false,\"closedelay\":0,\"openpopup\":false,\"openpopup_id\":0}' \/><div class=\"wpcf7-response-output\" aria-hidden=\"true\"><\/div>\n<\/form>\n<\/div>\n\n<\/div>\n\n\n\n<div class=\"wp-block-column is-layout-flow wp-block-column-is-layout-flow\" style=\"flex-basis:25%\"><\/div>\n<\/div>\n","protected":false},"excerpt":{"rendered":"<p>Small size. Big energy. From pine nuts to poppy seeds &#8211; this category contains concentrated plant power. Our seeds and kernels are true all-rounders: nutty, &hellip;<\/p>\n","protected":false},"author":2,"featured_media":0,"parent":0,"menu_order":0,"comment_status":"closed","ping_status":"closed","template":"","meta":{"_acf_changed":false,"footnotes":""},"class_list":["post-1810","page","type-page","status-publish","hentry"],"acf":[],"yoast_head":"<!-- This site is optimized with the Yoast SEO plugin v25.9 - https:\/\/yoast.com\/wordpress\/plugins\/seo\/ -->\n<title>Others - Br\u00fcning<\/title>\n<meta name=\"robots\" content=\"index, follow, max-snippet:-1, max-image-preview:large, max-video-preview:-1\" \/>\n<link rel=\"canonical\" href=\"https:\/\/bruening.global\/en\/others\/\" \/>\n<meta property=\"og:locale\" content=\"en_US\" \/>\n<meta property=\"og:type\" content=\"article\" \/>\n<meta property=\"og:title\" content=\"Others - Br\u00fcning\" \/>\n<meta property=\"og:description\" content=\"Small size. Big energy. From pine nuts to poppy seeds &#8211; this category contains concentrated plant power. Our seeds and kernels are true all-rounders: nutty, &hellip;\" \/>\n<meta property=\"og:url\" content=\"https:\/\/bruening.global\/en\/others\/\" \/>\n<meta property=\"og:site_name\" content=\"Br\u00fcning\" \/>\n<meta property=\"article:modified_time\" content=\"2025-05-20T12:23:27+00:00\" \/>\n<meta name=\"twitter:card\" content=\"summary_large_image\" \/>\n<meta name=\"twitter:label1\" content=\"Est. reading time\" \/>\n\t<meta name=\"twitter:data1\" content=\"2 minutes\" \/>\n<script type=\"application\/ld+json\" class=\"yoast-schema-graph\">{\"@context\":\"https:\/\/schema.org\",\"@graph\":[{\"@type\":\"WebPage\",\"@id\":\"https:\/\/bruening.global\/en\/others\/\",\"url\":\"https:\/\/bruening.global\/en\/others\/\",\"name\":\"Others - Br\u00fcning\",\"isPartOf\":{\"@id\":\"https:\/\/bruening.global\/#website\"},\"primaryImageOfPage\":{\"@id\":\"https:\/\/bruening.global\/en\/others\/#primaryimage\"},\"image\":{\"@id\":\"https:\/\/bruening.global\/en\/others\/#primaryimage\"},\"thumbnailUrl\":\"https:\/\/bruening.global\/app\/uploads\/2025\/04\/pink-viola.svg\",\"datePublished\":\"2025-02-27T07:15:38+00:00\",\"dateModified\":\"2025-05-20T12:23:27+00:00\",\"breadcrumb\":{\"@id\":\"https:\/\/bruening.global\/en\/others\/#breadcrumb\"},\"inLanguage\":\"en-US\",\"potentialAction\":[{\"@type\":\"ReadAction\",\"target\":[\"https:\/\/bruening.global\/en\/others\/\"]}]},{\"@type\":\"ImageObject\",\"inLanguage\":\"en-US\",\"@id\":\"https:\/\/bruening.global\/en\/others\/#primaryimage\",\"url\":\"https:\/\/bruening.global\/app\/uploads\/2025\/04\/pink-viola.svg\",\"contentUrl\":\"https:\/\/bruening.global\/app\/uploads\/2025\/04\/pink-viola.svg\"},{\"@type\":\"BreadcrumbList\",\"@id\":\"https:\/\/bruening.global\/en\/others\/#breadcrumb\",\"itemListElement\":[{\"@type\":\"ListItem\",\"position\":1,\"name\":\"Home\",\"item\":\"https:\/\/bruening.global\/en\/\"},{\"@type\":\"ListItem\",\"position\":2,\"name\":\"Others\"}]},{\"@type\":\"WebSite\",\"@id\":\"https:\/\/bruening.global\/#website\",\"url\":\"https:\/\/bruening.global\/\",\"name\":\"Br\u00fcning\",\"description\":\"Mit \u00fcber 70 Jahren Erfahrung z\u00e4hlt die Heinrich Br\u00fcning GmbH zu den f\u00fchrenden Importeuren und Distributoren von N\u00fcssen und Trockenfr\u00fcchten in Deutschland.\",\"potentialAction\":[{\"@type\":\"SearchAction\",\"target\":{\"@type\":\"EntryPoint\",\"urlTemplate\":\"https:\/\/bruening.global\/?s={search_term_string}\"},\"query-input\":{\"@type\":\"PropertyValueSpecification\",\"valueRequired\":true,\"valueName\":\"search_term_string\"}}],\"inLanguage\":\"en-US\"}]}<\/script>\n<!-- \/ Yoast SEO plugin. -->","yoast_head_json":{"title":"Others - Br\u00fcning","robots":{"index":"index","follow":"follow","max-snippet":"max-snippet:-1","max-image-preview":"max-image-preview:large","max-video-preview":"max-video-preview:-1"},"canonical":"https:\/\/bruening.global\/en\/others\/","og_locale":"en_US","og_type":"article","og_title":"Others - Br\u00fcning","og_description":"Small size. Big energy. From pine nuts to poppy seeds &#8211; this category contains concentrated plant power. Our seeds and kernels are true all-rounders: nutty, &hellip;","og_url":"https:\/\/bruening.global\/en\/others\/","og_site_name":"Br\u00fcning","article_modified_time":"2025-05-20T12:23:27+00:00","twitter_card":"summary_large_image","twitter_misc":{"Est. reading time":"2 minutes"},"schema":{"@context":"https:\/\/schema.org","@graph":[{"@type":"WebPage","@id":"https:\/\/bruening.global\/en\/others\/","url":"https:\/\/bruening.global\/en\/others\/","name":"Others - Br\u00fcning","isPartOf":{"@id":"https:\/\/bruening.global\/#website"},"primaryImageOfPage":{"@id":"https:\/\/bruening.global\/en\/others\/#primaryimage"},"image":{"@id":"https:\/\/bruening.global\/en\/others\/#primaryimage"},"thumbnailUrl":"https:\/\/bruening.global\/app\/uploads\/2025\/04\/pink-viola.svg","datePublished":"2025-02-27T07:15:38+00:00","dateModified":"2025-05-20T12:23:27+00:00","breadcrumb":{"@id":"https:\/\/bruening.global\/en\/others\/#breadcrumb"},"inLanguage":"en-US","potentialAction":[{"@type":"ReadAction","target":["https:\/\/bruening.global\/en\/others\/"]}]},{"@type":"ImageObject","inLanguage":"en-US","@id":"https:\/\/bruening.global\/en\/others\/#primaryimage","url":"https:\/\/bruening.global\/app\/uploads\/2025\/04\/pink-viola.svg","contentUrl":"https:\/\/bruening.global\/app\/uploads\/2025\/04\/pink-viola.svg"},{"@type":"BreadcrumbList","@id":"https:\/\/bruening.global\/en\/others\/#breadcrumb","itemListElement":[{"@type":"ListItem","position":1,"name":"Home","item":"https:\/\/bruening.global\/en\/"},{"@type":"ListItem","position":2,"name":"Others"}]},{"@type":"WebSite","@id":"https:\/\/bruening.global\/#website","url":"https:\/\/bruening.global\/","name":"Br\u00fcning","description":"Mit \u00fcber 70 Jahren Erfahrung z\u00e4hlt die Heinrich Br\u00fcning GmbH zu den f\u00fchrenden Importeuren und Distributoren von N\u00fcssen und Trockenfr\u00fcchten in Deutschland.","potentialAction":[{"@type":"SearchAction","target":{"@type":"EntryPoint","urlTemplate":"https:\/\/bruening.global\/?s={search_term_string}"},"query-input":{"@type":"PropertyValueSpecification","valueRequired":true,"valueName":"search_term_string"}}],"inLanguage":"en-US"}]}},"_links":{"self":[{"href":"https:\/\/bruening.global\/en\/wp-json\/wp\/v2\/pages\/1810","targetHints":{"allow":["GET"]}}],"collection":[{"href":"https:\/\/bruening.global\/en\/wp-json\/wp\/v2\/pages"}],"about":[{"href":"https:\/\/bruening.global\/en\/wp-json\/wp\/v2\/types\/page"}],"author":[{"embeddable":true,"href":"https:\/\/bruening.global\/en\/wp-json\/wp\/v2\/users\/2"}],"replies":[{"embeddable":true,"href":"https:\/\/bruening.global\/en\/wp-json\/wp\/v2\/comments?post=1810"}],"version-history":[{"count":5,"href":"https:\/\/bruening.global\/en\/wp-json\/wp\/v2\/pages\/1810\/revisions"}],"predecessor-version":[{"id":1965,"href":"https:\/\/bruening.global\/en\/wp-json\/wp\/v2\/pages\/1810\/revisions\/1965"}],"wp:attachment":[{"href":"https:\/\/bruening.global\/en\/wp-json\/wp\/v2\/media?parent=1810"}],"curies":[{"name":"wp","href":"https:\/\/api.w.org\/{rel}","templated":true}]}}