{"id":1616,"date":"2025-02-27T08:13:24","date_gmt":"2025-02-27T07:13:24","guid":{"rendered":"https:\/\/bruening.global\/?page_id=1616"},"modified":"2025-05-20T14:30:39","modified_gmt":"2025-05-20T12:30:39","slug":"contact","status":"publish","type":"page","link":"https:\/\/bruening.global\/en\/contact\/","title":{"rendered":"Contact"},"content":{"rendered":"\n<div class=\"wp-block-cover alignfull\"><img decoding=\"async\" class=\"wp-block-cover__image-background wp-image-1034\" alt=\"\" src=\"https:\/\/bruening.global\/app\/uploads\/2025\/04\/braun-pink.svg\" data-object-fit=\"cover\"\/><span aria-hidden=\"true\" class=\"wp-block-cover__background has-background-dim-0 has-background-dim\" style=\"background-color:#8a475b\"><\/span><div class=\"wp-block-cover__inner-container is-layout-constrained wp-block-cover-is-layout-constrained\">\n<h1 class=\"wp-block-heading has-text-align-center\"><br><mark style=\"background-color:rgba(0, 0, 0, 0)\" class=\"has-inline-color has-luminous-vivid-amber-color\">say hi. we don\u2019t bite.<\/mark><br><br><\/h1>\n<\/div><\/div>\n\n\n\n<div class=\"wp-block-columns alignwide custom-image-area is-layout-flex wp-container-core-columns-is-layout-9d6595d7 wp-block-columns-is-layout-flex\">\n<div class=\"wp-block-column is-layout-flow wp-block-column-is-layout-flow\"><\/div>\n\n\n\n<div class=\"wp-block-column is-layout-flow wp-block-column-is-layout-flow\">\n<figure class=\"wp-block-image aligncenter size-full is-resized\"><img decoding=\"async\" width=\"900\" height=\"711\" src=\"https:\/\/bruening.global\/app\/uploads\/2025\/04\/bruening_zug_pflaume-1.png\" alt=\"\" class=\"wp-image-1037\" style=\"object-fit:cover;width:404px;height:auto\" srcset=\"https:\/\/bruening.global\/app\/uploads\/2025\/04\/bruening_zug_pflaume-1.png 900w, https:\/\/bruening.global\/app\/uploads\/2025\/04\/bruening_zug_pflaume-1-500x395.png 500w, https:\/\/bruening.global\/app\/uploads\/2025\/04\/bruening_zug_pflaume-1-759x600.png 759w, https:\/\/bruening.global\/app\/uploads\/2025\/04\/bruening_zug_pflaume-1-768x607.png 768w\" sizes=\"(max-width: 900px) 100vw, 900px\" \/><\/figure>\n<\/div>\n\n\n\n<div class=\"wp-block-column is-layout-flow wp-block-column-is-layout-flow\"><\/div>\n<\/div>\n\n\n\n<h3 class=\"wp-block-heading has-text-align-center\">Contact info<\/h3>\n\n\n\n<div class=\"wp-block-columns alignwide are-vertically-aligned-top is-layout-flex wp-container-core-columns-is-layout-9d6595d7 wp-block-columns-is-layout-flex\">\n<div class=\"wp-block-column is-layout-flow wp-block-column-is-layout-flow\"><\/div>\n\n\n\n<div class=\"wp-block-column is-vertically-aligned-top is-layout-flow wp-block-column-is-layout-flow\">\n<p>Heinrich Br\u00fcning GmbH<br>Stenzelring 22<br>21107 Hamburg&nbsp;<\/p>\n<\/div>\n\n\n\n<div class=\"wp-block-column is-vertically-aligned-top is-layout-flow wp-block-column-is-layout-flow\">\n<p>Telephone: <a href=\"tel:+49407510050\">+49 40 75 10 05 0&nbsp;<\/a><br>Fax: +49 40 75 35 66 3&nbsp;<br>E-Mail:&nbsp; <a href=\"mailto:info@bruening.global\">info@bruening.global<\/a><\/p>\n<\/div>\n\n\n\n<div class=\"wp-block-column is-layout-flow wp-block-column-is-layout-flow\"><\/div>\n<\/div>\n\n\n\n<h2 class=\"wp-block-heading has-text-align-center\"><strong><mark style=\"background-color:rgba(0, 0, 0, 0)\" class=\"has-inline-color has-purple-color\">Curious?<\/mark><\/strong><\/h2>\n\n\n\n<div class=\"wp-block-columns alignwide is-layout-flex wp-container-core-columns-is-layout-9d6595d7 wp-block-columns-is-layout-flex\">\n<div class=\"wp-block-column is-layout-flow wp-block-column-is-layout-flow\" style=\"flex-basis:20%\"><\/div>\n\n\n\n<div class=\"wp-block-column is-layout-flow wp-block-column-is-layout-flow\" style=\"flex-basis:60%\">\n<p class=\"has-text-align-center\">Get the full overview of our product range, company insights and service details \u2013 all in one compact PDF.<\/p>\n\n\n\n<div class=\"wp-block-buttons is-content-justification-center is-layout-flex wp-container-core-buttons-is-layout-16018d1d wp-block-buttons-is-layout-flex\">\n<div class=\"wp-block-button\"><a class=\"wp-block-button__link wp-element-button\" href=\"https:\/\/bruening.global\/app\/uploads\/2025\/05\/ML-Bruening-Unternehmensbroschuere-20250520-digital.pdf\">Download our official brochure now!<\/a><\/div>\n<\/div>\n<\/div>\n\n\n\n<div class=\"wp-block-column is-layout-flow wp-block-column-is-layout-flow\" style=\"flex-basis:20%\"><\/div>\n<\/div>\n\n\n\n<h2 class=\"wp-block-heading has-text-align-center\"><mark style=\"background-color:rgba(0, 0, 0, 0)\" class=\"has-inline-color has-red-color\">Question? Wish?<br>Feedback?<\/mark><\/h2>\n\n\n\n<div class=\"wp-block-columns alignwide is-layout-flex wp-container-core-columns-is-layout-9d6595d7 wp-block-columns-is-layout-flex\">\n<div class=\"wp-block-column is-layout-flow wp-block-column-is-layout-flow\" style=\"flex-basis:20%\"><\/div>\n\n\n\n<div class=\"wp-block-column is-layout-flow wp-block-column-is-layout-flow\" style=\"flex-basis:60%\">\n<p class=\"has-text-align-center\">Do you have any questions about our products, need a quote or just want to say hello? We look forward to hearing from you &#8211; and will get back to you as soon as possible.<\/p>\n\n\n\n<div class=\"wpcf7 no-js\" id=\"wpcf7-f1825-o1\" lang=\"de-DE\" dir=\"ltr\" data-wpcf7-id=\"1825\">\n<div class=\"screen-reader-response\"><p role=\"status\" aria-live=\"polite\" aria-atomic=\"true\"><\/p> <ul><\/ul><\/div>\n<form action=\"\/en\/wp-json\/wp\/v2\/pages\/1616#wpcf7-f1825-o1\" method=\"post\" class=\"wpcf7-form init\" aria-label=\"Kontaktformular\" novalidate=\"novalidate\" data-status=\"init\">\n<fieldset class=\"hidden-fields-container\"><input type=\"hidden\" name=\"_wpcf7\" value=\"1825\" \/><input type=\"hidden\" name=\"_wpcf7_version\" value=\"6.1.5\" \/><input type=\"hidden\" name=\"_wpcf7_locale\" value=\"de_DE\" \/><input type=\"hidden\" name=\"_wpcf7_unit_tag\" value=\"wpcf7-f1825-o1\" \/><input type=\"hidden\" name=\"_wpcf7_container_post\" value=\"0\" \/><input type=\"hidden\" name=\"_wpcf7_posted_data_hash\" value=\"\" \/>\n<\/fieldset>\n<div id=\"kontakt\" class=\"row\">\n\t<div class=\"col-lg-6\">\n\t\t<p><label> Your name*<\/label><br \/>\n<span class=\"wpcf7-form-control-wrap\" data-name=\"your-name\"><input size=\"40\" maxlength=\"400\" class=\"wpcf7-form-control wpcf7-text wpcf7-validates-as-required\" autocomplete=\"name\" aria-required=\"true\" aria-invalid=\"false\" placeholder=\"Enter your name here\" value=\"\" type=\"text\" name=\"your-name\" \/><\/span>\n\t\t<\/p>\n\t<\/div>\n\t<div class=\"col-lg-6\">\n\t\t<p><label> E-mail address*<\/label><br \/>\n<span class=\"wpcf7-form-control-wrap\" data-name=\"your-email\"><input size=\"40\" maxlength=\"400\" class=\"wpcf7-form-control wpcf7-email wpcf7-validates-as-required wpcf7-text wpcf7-validates-as-email\" autocomplete=\"email\" aria-required=\"true\" aria-invalid=\"false\" placeholder=\"Write your e-mail here\" value=\"\" type=\"email\" name=\"your-email\" \/><\/span>\n\t\t<\/p>\n\t<\/div>\n\t<div class=\"col-lg-12\">\n\t\t<p><label> Your message*<\/label><br \/>\n<span class=\"wpcf7-form-control-wrap\" data-name=\"your-message\"><textarea cols=\"40\" rows=\"10\" maxlength=\"2000\" class=\"wpcf7-form-control wpcf7-textarea wpcf7-validates-as-required\" aria-required=\"true\" aria-invalid=\"false\" placeholder=\"Let us know what ideas you have and which product you are interested in!\" name=\"your-message\"><\/textarea><\/span>\n\t\t<\/p>\n\t\t<div class=\"submit-a-wrapper\">\n\t\t\t<p><span class=\"wpcf7-form-control-wrap\" data-name=\"acceptance-619\"><span class=\"wpcf7-form-control wpcf7-acceptance optional\"><span class=\"wpcf7-list-item\"><label><input type=\"checkbox\" name=\"acceptance-619\" value=\"1\" aria-invalid=\"false\" \/><span class=\"wpcf7-list-item-label\">I consent to the processing of the personal data provided in the contact form for the purpose of contacting me by Heinrich Br\u00fcning GmbH. Further information on data processing can be found in our <a href=\"\/en\/datenschutz\">privacy policy<\/a>.<\/span><\/label><\/span><\/span><\/span><br \/>\n<input class=\"wpcf7-form-control wpcf7-submit has-spinner\" type=\"submit\" value=\"Send\" \/>\n\t\t\t<\/p>\n\t\t<\/div>\n\t<\/div>\n<\/div><input type='hidden' class='wpcf7-pum' value='{\"closepopup\":false,\"closedelay\":0,\"openpopup\":false,\"openpopup_id\":0}' \/><div class=\"wpcf7-response-output\" aria-hidden=\"true\"><\/div>\n<\/form>\n<\/div>\n\n<\/div>\n\n\n\n<div class=\"wp-block-column is-layout-flow wp-block-column-is-layout-flow\" style=\"flex-basis:20%\"><\/div>\n<\/div>\n","protected":false},"excerpt":{"rendered":"<p>Contact info Heinrich Br\u00fcning GmbHStenzelring 2221107 Hamburg&nbsp; Telephone: +49 40 75 10 05 0&nbsp;Fax: +49 40 75 35 66 3&nbsp;E-Mail:&nbsp; info@bruening.global Curious? Get the full &hellip;<\/p>\n","protected":false},"author":1,"featured_media":0,"parent":0,"menu_order":0,"comment_status":"closed","ping_status":"closed","template":"","meta":{"_acf_changed":false,"footnotes":""},"class_list":["post-1616","page","type-page","status-publish","hentry"],"acf":[],"yoast_head":"<!-- This site is optimized with the Yoast SEO plugin v25.9 - https:\/\/yoast.com\/wordpress\/plugins\/seo\/ -->\n<title>Contact - Br\u00fcning<\/title>\n<meta name=\"robots\" content=\"index, follow, max-snippet:-1, max-image-preview:large, max-video-preview:-1\" \/>\n<link rel=\"canonical\" href=\"https:\/\/bruening.global\/en\/contact\/\" \/>\n<meta property=\"og:locale\" content=\"en_US\" \/>\n<meta property=\"og:type\" content=\"article\" \/>\n<meta property=\"og:title\" content=\"Contact - Br\u00fcning\" \/>\n<meta property=\"og:description\" content=\"Contact info Heinrich Br\u00fcning GmbHStenzelring 2221107 Hamburg&nbsp; Telephone: +49 40 75 10 05 0&nbsp;Fax: +49 40 75 35 66 3&nbsp;E-Mail:&nbsp; info@bruening.global Curious? Get the full &hellip;\" \/>\n<meta property=\"og:url\" content=\"https:\/\/bruening.global\/en\/contact\/\" \/>\n<meta property=\"og:site_name\" content=\"Br\u00fcning\" \/>\n<meta property=\"article:modified_time\" content=\"2025-05-20T12:30:39+00:00\" \/>\n<meta name=\"twitter:card\" content=\"summary_large_image\" \/>\n<meta name=\"twitter:label1\" content=\"Est. reading time\" \/>\n\t<meta name=\"twitter:data1\" content=\"1 minute\" \/>\n<script type=\"application\/ld+json\" class=\"yoast-schema-graph\">{\"@context\":\"https:\/\/schema.org\",\"@graph\":[{\"@type\":\"WebPage\",\"@id\":\"https:\/\/bruening.global\/en\/contact\/\",\"url\":\"https:\/\/bruening.global\/en\/contact\/\",\"name\":\"Contact - Br\u00fcning\",\"isPartOf\":{\"@id\":\"https:\/\/bruening.global\/#website\"},\"primaryImageOfPage\":{\"@id\":\"https:\/\/bruening.global\/en\/contact\/#primaryimage\"},\"image\":{\"@id\":\"https:\/\/bruening.global\/en\/contact\/#primaryimage\"},\"thumbnailUrl\":\"https:\/\/bruening.global\/app\/uploads\/2025\/04\/braun-pink.svg\",\"datePublished\":\"2025-02-27T07:13:24+00:00\",\"dateModified\":\"2025-05-20T12:30:39+00:00\",\"breadcrumb\":{\"@id\":\"https:\/\/bruening.global\/en\/contact\/#breadcrumb\"},\"inLanguage\":\"en-US\",\"potentialAction\":[{\"@type\":\"ReadAction\",\"target\":[\"https:\/\/bruening.global\/en\/contact\/\"]}]},{\"@type\":\"ImageObject\",\"inLanguage\":\"en-US\",\"@id\":\"https:\/\/bruening.global\/en\/contact\/#primaryimage\",\"url\":\"https:\/\/bruening.global\/app\/uploads\/2025\/04\/braun-pink.svg\",\"contentUrl\":\"https:\/\/bruening.global\/app\/uploads\/2025\/04\/braun-pink.svg\"},{\"@type\":\"BreadcrumbList\",\"@id\":\"https:\/\/bruening.global\/en\/contact\/#breadcrumb\",\"itemListElement\":[{\"@type\":\"ListItem\",\"position\":1,\"name\":\"Home\",\"item\":\"https:\/\/bruening.global\/en\/\"},{\"@type\":\"ListItem\",\"position\":2,\"name\":\"Contact\"}]},{\"@type\":\"WebSite\",\"@id\":\"https:\/\/bruening.global\/#website\",\"url\":\"https:\/\/bruening.global\/\",\"name\":\"Br\u00fcning\",\"description\":\"Mit \u00fcber 70 Jahren Erfahrung z\u00e4hlt die Heinrich Br\u00fcning GmbH zu den f\u00fchrenden Importeuren und Distributoren von N\u00fcssen und Trockenfr\u00fcchten in Deutschland.\",\"potentialAction\":[{\"@type\":\"SearchAction\",\"target\":{\"@type\":\"EntryPoint\",\"urlTemplate\":\"https:\/\/bruening.global\/?s={search_term_string}\"},\"query-input\":{\"@type\":\"PropertyValueSpecification\",\"valueRequired\":true,\"valueName\":\"search_term_string\"}}],\"inLanguage\":\"en-US\"}]}<\/script>\n<!-- \/ Yoast SEO plugin. -->","yoast_head_json":{"title":"Contact - Br\u00fcning","robots":{"index":"index","follow":"follow","max-snippet":"max-snippet:-1","max-image-preview":"max-image-preview:large","max-video-preview":"max-video-preview:-1"},"canonical":"https:\/\/bruening.global\/en\/contact\/","og_locale":"en_US","og_type":"article","og_title":"Contact - Br\u00fcning","og_description":"Contact info Heinrich Br\u00fcning GmbHStenzelring 2221107 Hamburg&nbsp; Telephone: +49 40 75 10 05 0&nbsp;Fax: +49 40 75 35 66 3&nbsp;E-Mail:&nbsp; info@bruening.global Curious? Get the full &hellip;","og_url":"https:\/\/bruening.global\/en\/contact\/","og_site_name":"Br\u00fcning","article_modified_time":"2025-05-20T12:30:39+00:00","twitter_card":"summary_large_image","twitter_misc":{"Est. reading time":"1 minute"},"schema":{"@context":"https:\/\/schema.org","@graph":[{"@type":"WebPage","@id":"https:\/\/bruening.global\/en\/contact\/","url":"https:\/\/bruening.global\/en\/contact\/","name":"Contact - Br\u00fcning","isPartOf":{"@id":"https:\/\/bruening.global\/#website"},"primaryImageOfPage":{"@id":"https:\/\/bruening.global\/en\/contact\/#primaryimage"},"image":{"@id":"https:\/\/bruening.global\/en\/contact\/#primaryimage"},"thumbnailUrl":"https:\/\/bruening.global\/app\/uploads\/2025\/04\/braun-pink.svg","datePublished":"2025-02-27T07:13:24+00:00","dateModified":"2025-05-20T12:30:39+00:00","breadcrumb":{"@id":"https:\/\/bruening.global\/en\/contact\/#breadcrumb"},"inLanguage":"en-US","potentialAction":[{"@type":"ReadAction","target":["https:\/\/bruening.global\/en\/contact\/"]}]},{"@type":"ImageObject","inLanguage":"en-US","@id":"https:\/\/bruening.global\/en\/contact\/#primaryimage","url":"https:\/\/bruening.global\/app\/uploads\/2025\/04\/braun-pink.svg","contentUrl":"https:\/\/bruening.global\/app\/uploads\/2025\/04\/braun-pink.svg"},{"@type":"BreadcrumbList","@id":"https:\/\/bruening.global\/en\/contact\/#breadcrumb","itemListElement":[{"@type":"ListItem","position":1,"name":"Home","item":"https:\/\/bruening.global\/en\/"},{"@type":"ListItem","position":2,"name":"Contact"}]},{"@type":"WebSite","@id":"https:\/\/bruening.global\/#website","url":"https:\/\/bruening.global\/","name":"Br\u00fcning","description":"Mit \u00fcber 70 Jahren Erfahrung z\u00e4hlt die Heinrich Br\u00fcning GmbH zu den f\u00fchrenden Importeuren und Distributoren von N\u00fcssen und Trockenfr\u00fcchten in Deutschland.","potentialAction":[{"@type":"SearchAction","target":{"@type":"EntryPoint","urlTemplate":"https:\/\/bruening.global\/?s={search_term_string}"},"query-input":{"@type":"PropertyValueSpecification","valueRequired":true,"valueName":"search_term_string"}}],"inLanguage":"en-US"}]}},"_links":{"self":[{"href":"https:\/\/bruening.global\/en\/wp-json\/wp\/v2\/pages\/1616","targetHints":{"allow":["GET"]}}],"collection":[{"href":"https:\/\/bruening.global\/en\/wp-json\/wp\/v2\/pages"}],"about":[{"href":"https:\/\/bruening.global\/en\/wp-json\/wp\/v2\/types\/page"}],"author":[{"embeddable":true,"href":"https:\/\/bruening.global\/en\/wp-json\/wp\/v2\/users\/1"}],"replies":[{"embeddable":true,"href":"https:\/\/bruening.global\/en\/wp-json\/wp\/v2\/comments?post=1616"}],"version-history":[{"count":4,"href":"https:\/\/bruening.global\/en\/wp-json\/wp\/v2\/pages\/1616\/revisions"}],"predecessor-version":[{"id":1973,"href":"https:\/\/bruening.global\/en\/wp-json\/wp\/v2\/pages\/1616\/revisions\/1973"}],"wp:attachment":[{"href":"https:\/\/bruening.global\/en\/wp-json\/wp\/v2\/media?parent=1616"}],"curies":[{"name":"wp","href":"https:\/\/api.w.org\/{rel}","templated":true}]}}