{"id":1613,"date":"2025-02-27T08:12:48","date_gmt":"2025-02-27T07:12:48","guid":{"rendered":"https:\/\/bruening.global\/?page_id=1613"},"modified":"2025-05-14T17:02:13","modified_gmt":"2025-05-14T15:02:13","slug":"products","status":"publish","type":"page","link":"https:\/\/bruening.global\/en\/products\/","title":{"rendered":"Products"},"content":{"rendered":"\n<div class=\"wp-block-cover alignfull\"><img decoding=\"async\" class=\"wp-block-cover__image-background wp-image-846\" alt=\"\" src=\"https:\/\/bruening.global\/app\/uploads\/2025\/04\/viola-braun.svg\" data-object-fit=\"cover\"\/><span aria-hidden=\"true\" class=\"wp-block-cover__background has-background-dim-0 has-background-dim\" style=\"background-color:#5f1b60\"><\/span><div class=\"wp-block-cover__inner-container is-layout-constrained wp-block-cover-is-layout-constrained\">\n<h1 class=\"wp-block-heading has-text-align-center\"><br><mark style=\"background-color:rgba(0, 0, 0, 0)\" class=\"has-inline-color has-vivid-red-color\">sunshine in every<br>product.<\/mark><br><br><\/h1>\n<\/div><\/div>\n\n\n\n<div class=\"wp-block-columns alignwide custom-image-area is-layout-flex wp-container-core-columns-is-layout-9d6595d7 wp-block-columns-is-layout-flex\">\n<div class=\"wp-block-column is-layout-flow wp-block-column-is-layout-flow\"><\/div>\n\n\n\n<div class=\"wp-block-column is-layout-flow wp-block-column-is-layout-flow\">\n<figure class=\"wp-block-image aligncenter size-full\"><img decoding=\"async\" width=\"385\" height=\"297\" src=\"https:\/\/bruening.global\/app\/uploads\/2025\/03\/bruening_boot_cranberry-3.png\" alt=\"\" class=\"wp-image-309\"\/><\/figure>\n<\/div>\n\n\n\n<div class=\"wp-block-column is-layout-flow wp-block-column-is-layout-flow\"><\/div>\n<\/div>\n\n\n\n<div class=\"wp-block-columns alignwide is-layout-flex wp-container-core-columns-is-layout-9d6595d7 wp-block-columns-is-layout-flex\">\n<div class=\"wp-block-column is-layout-flow wp-block-column-is-layout-flow\">\n<h3 class=\"wp-block-heading has-text-align-center\">Our products<\/h3>\n\n\n\n<div class=\"wp-block-columns alignwide is-layout-flex wp-container-core-columns-is-layout-9d6595d7 wp-block-columns-is-layout-flex\">\n<div class=\"wp-block-column is-layout-flow wp-block-column-is-layout-flow\" style=\"flex-basis:10%\"><\/div>\n\n\n\n<div class=\"wp-block-column is-layout-flow wp-block-column-is-layout-flow\" style=\"flex-basis:80%\">\n<p class=\"has-text-align-center\">We have over 16 different nuts, dried fruits, raisins and seeds in our range. From these, we put together individual mixtures and fill different packaging units for you &#8211; precisely tailored to your requirements.<\/p>\n<\/div>\n\n\n\n<div class=\"wp-block-column is-layout-flow wp-block-column-is-layout-flow\" style=\"flex-basis:10%\"><\/div>\n<\/div>\n\n\n\n<div class=\"wp-block-columns alignwide is-layout-flex wp-container-core-columns-is-layout-9d6595d7 wp-block-columns-is-layout-flex\">\n<div class=\"wp-block-column is-layout-flow wp-block-column-is-layout-flow\" style=\"flex-basis:5%\"><\/div>\n\n\n\n<div class=\"wp-block-column is-layout-flow wp-block-column-is-layout-flow\" style=\"flex-basis:45%\">\n<figure class=\"wp-block-image aligncenter size-full is-resized\"><img decoding=\"async\" width=\"270\" height=\"268\" src=\"https:\/\/bruening.global\/app\/uploads\/2025\/04\/trockenfruechte.png\" alt=\"\" class=\"wp-image-825\" style=\"width:auto;height:200px\"\/><\/figure>\n\n\n\n<h4 class=\"wp-block-heading has-text-align-center\">Dried fruit<\/h4>\n\n\n\n<p class=\"has-text-align-center\">Fruity, nutritious, versatile &#8211; dried fruit is a real all-rounder. Whether as a healthy snack, in muesli or as an ingredient in further processing: we supply a wide selection in reliable quality and in exactly the quantities you need. From classics to exotic fruits &#8211; we keep you supplied.<\/p>\n\n\n\n<div class=\"wp-block-buttons is-content-justification-center is-layout-flex wp-container-core-buttons-is-layout-16018d1d wp-block-buttons-is-layout-flex\">\n<div class=\"wp-block-button\"><a class=\"wp-block-button__link wp-element-button\" href=\"https:\/\/bruening.global\/en\/dried-fruit\/\">See more<\/a><\/div>\n<\/div>\n<\/div>\n\n\n\n<div class=\"wp-block-column is-layout-flow wp-block-column-is-layout-flow\" style=\"flex-basis:45%\">\n<figure class=\"wp-block-image aligncenter size-full is-resized\"><img decoding=\"async\" width=\"310\" height=\"220\" src=\"https:\/\/bruening.global\/app\/uploads\/2025\/04\/nusskerne.png\" alt=\"\" class=\"wp-image-827\" style=\"width:282px;height:auto\"\/><\/figure>\n\n\n\n<h4 class=\"wp-block-heading has-text-align-center\">Nut kernels<\/h4>\n\n\n\n<p class=\"has-text-align-center\">Nutty quality you can rely on. Our nut kernels &#8211; whether almonds, hazelnuts or cashews &#8211; impress with their taste, freshness and variety. Ideal for further processing or direct use. Naturally in tested quality and in exactly the right packaging unit for your needs.<\/p>\n\n\n\n<div class=\"wp-block-buttons is-content-justification-center is-layout-flex wp-container-core-buttons-is-layout-16018d1d wp-block-buttons-is-layout-flex\">\n<div class=\"wp-block-button\"><a class=\"wp-block-button__link wp-element-button\" href=\"https:\/\/bruening.global\/en\/nut-kernels\/\">See more<\/a><\/div>\n<\/div>\n<\/div>\n\n\n\n<div class=\"wp-block-column is-layout-flow wp-block-column-is-layout-flow\" style=\"flex-basis:5%\"><\/div>\n<\/div>\n\n\n\n<div style=\"height:60px\" aria-hidden=\"true\" class=\"wp-block-spacer\"><\/div>\n\n\n\n<div class=\"wp-block-columns alignwide is-layout-flex wp-container-core-columns-is-layout-9d6595d7 wp-block-columns-is-layout-flex\">\n<div class=\"wp-block-column is-layout-flow wp-block-column-is-layout-flow\" style=\"flex-basis:5%\"><\/div>\n\n\n\n<div class=\"wp-block-column is-layout-flow wp-block-column-is-layout-flow\" style=\"flex-basis:45%\">\n<figure class=\"wp-block-image aligncenter size-full is-resized\"><img decoding=\"async\" width=\"180\" height=\"122\" src=\"https:\/\/bruening.global\/app\/uploads\/2025\/04\/sultaninen.png\" alt=\"\" class=\"wp-image-821\" style=\"width:165px;height:auto\"\/><\/figure>\n\n\n\n<h4 class=\"wp-block-heading has-text-align-center\">Raisins<\/h4>\n\n\n\n<p class=\"has-text-align-center\">Sweet, juicy and always in demand: raisins are one of the classics in the dried fruit range. We provide you with consistently high-quality goods &#8211; ideal for bakeries, muesli manufacturers and many other industries. Tailored to your requirements, reliably delivered.<\/p>\n\n\n\n<div class=\"wp-block-buttons is-content-justification-center is-layout-flex wp-container-core-buttons-is-layout-16018d1d wp-block-buttons-is-layout-flex\">\n<div class=\"wp-block-button\"><a class=\"wp-block-button__link wp-element-button\" href=\"https:\/\/bruening.global\/en\/raisins\/\">See more<\/a><\/div>\n<\/div>\n<\/div>\n\n\n\n<div class=\"wp-block-column is-layout-flow wp-block-column-is-layout-flow\" style=\"flex-basis:45%\">\n<figure class=\"wp-block-image aligncenter size-full is-resized\"><img decoding=\"async\" width=\"1106\" height=\"569\" src=\"https:\/\/bruening.global\/app\/uploads\/2025\/04\/bruening-sonstiges-produkte-preview-bild.png\" alt=\"\" class=\"wp-image-1247\" style=\"width:249px;height:auto\" srcset=\"https:\/\/bruening.global\/app\/uploads\/2025\/04\/bruening-sonstiges-produkte-preview-bild.png 1106w, https:\/\/bruening.global\/app\/uploads\/2025\/04\/bruening-sonstiges-produkte-preview-bild-500x257.png 500w, https:\/\/bruening.global\/app\/uploads\/2025\/04\/bruening-sonstiges-produkte-preview-bild-850x437.png 850w, https:\/\/bruening.global\/app\/uploads\/2025\/04\/bruening-sonstiges-produkte-preview-bild-768x395.png 768w\" sizes=\"(max-width: 1106px) 100vw, 1106px\" \/><\/figure>\n\n\n\n<h4 class=\"wp-block-heading has-text-align-center\">Others<\/h4>\n\n\n\n<p class=\"has-text-align-center\">Whether exotic, unusual or simply special &#8211; \u201cMiscellaneous\u201d includes everything that doesn&#8217;t fit into the standard drawer. Contact us if you are looking for something specific. We will find the right solution &#8211; quickly, flexibly and reliably.<\/p>\n\n\n\n<div class=\"wp-block-buttons is-content-justification-center is-layout-flex wp-container-core-buttons-is-layout-16018d1d wp-block-buttons-is-layout-flex\">\n<div class=\"wp-block-button\"><a class=\"wp-block-button__link wp-element-button\" href=\"https:\/\/bruening.global\/en\/others\/\">See more<\/a><\/div>\n<\/div>\n<\/div>\n\n\n\n<div class=\"wp-block-column is-layout-flow wp-block-column-is-layout-flow\" style=\"flex-basis:5%\"><\/div>\n<\/div>\n<\/div>\n<\/div>\n\n\n\n<div class=\"wp-block-cover alignfull is-light\"><img decoding=\"async\" class=\"wp-block-cover__image-background wp-image-1836 size-full\" alt=\"\" src=\"https:\/\/bruening.global\/app\/uploads\/2025\/05\/rosinen-pink.svg\" data-object-fit=\"cover\"\/><span aria-hidden=\"true\" class=\"wp-block-cover__background has-background-dim-0 has-background-dim\" style=\"background-color:#f087b4\"><\/span><div class=\"wp-block-cover__inner-container is-layout-constrained wp-block-cover-is-layout-constrained\">\n<div class=\"wp-block-cover alignfull is-light has-normal-font-size\"><span aria-hidden=\"true\" class=\"wp-block-cover__background has-beige-background-color has-background-dim-100 has-background-dim\"><\/span><div class=\"wp-block-cover__inner-container is-layout-constrained wp-container-core-cover-is-layout-90d753cd wp-block-cover-is-layout-constrained\">\n<h2 class=\"wp-block-heading\"><mark style=\"background-color:rgba(0, 0, 0, 0)\" class=\"has-inline-color has-red-color\">why our<br>products?<\/mark><\/h2>\n\n\n\n<div class=\"wp-block-columns alignwide is-layout-flex wp-container-core-columns-is-layout-9d6595d7 wp-block-columns-is-layout-flex\">\n<div class=\"wp-block-column is-layout-flow wp-block-column-is-layout-flow\">\n<p>We focus on the highest quality, sustainable sourcing and the full taste of nature. No additives, no compromises &#8211; just the best of sun and time.<\/p>\n\n\n\n<ul class=\"wp-block-list\">\n<li>100% natural ingredients<\/li>\n\n\n\n<li>Sustainable production<\/li>\n\n\n\n<li>Strict quality controls<\/li>\n<\/ul>\n<\/div>\n\n\n\n<div class=\"wp-block-column is-layout-flow wp-block-column-is-layout-flow\">\n<figure class=\"wp-block-image aligncenter size-full is-resized\"><img decoding=\"async\" width=\"469\" height=\"214\" src=\"https:\/\/bruening.global\/app\/uploads\/2025\/04\/sonstiges-2.png\" alt=\"\" class=\"wp-image-849\" style=\"width:432px;height:auto\"\/><\/figure>\n<\/div>\n<\/div>\n<\/div><\/div>\n<\/div><\/div>\n\n\n\n<div class=\"wp-block-columns alignwide is-layout-flex wp-container-core-columns-is-layout-9d6595d7 wp-block-columns-is-layout-flex\">\n<div class=\"wp-block-column is-layout-flow wp-block-column-is-layout-flow\">\n<h2 class=\"wp-block-heading has-text-align-center\"><mark style=\"background-color:rgba(0, 0, 0, 0)\" class=\"has-inline-color has-vivid-purple-color\">numbers don\u2019t lie<\/mark><\/h2>\n\n\n\n<p class=\"has-text-align-center\">Numbers say more than a thousand words &#8211; and ours speak for themselves. Here you can see the quantities that Br\u00fcning moves worldwide.<\/p>\n\n\n<div class=\"matterlout-block\"><div class=\"bar-wrapper\">\n<div class=\"brun-bar wow\" data-size=\"60\"><div class=\"bar--bar\" style=\"background-image: url(https:\/\/bruening.global\/app\/uploads\/2025\/05\/heinrich-bruening-produkte-cranberries.jpg);\"><\/div><div class=\"bar--desc\"><span class=\"count-up\">573<\/span>t dried fruits<\/div><\/div>\n\n<div class=\"brun-bar wow\" data-size=\"50\"><div class=\"bar--bar\" style=\"background-image: url(https:\/\/bruening.global\/app\/uploads\/2025\/05\/heinrich-bruening-produkte-cashewkerne.jpg);\"><\/div><div class=\"bar--desc\"><span class=\"count-up\">292<\/span>t cashews<\/div><\/div>\n\n<div class=\"brun-bar wow\" data-size=\"65\"><div class=\"bar--bar\" style=\"background-image: url(https:\/\/bruening.global\/app\/uploads\/2025\/04\/Group-14-1.svg);\"><\/div><div class=\"bar--desc\"><span class=\"count-up\">425<\/span>t diverse<\/div><\/div>\n\n<div class=\"brun-bar wow\" data-size=\"83\"><div class=\"bar--bar\" style=\"background-image: url(https:\/\/bruening.global\/app\/uploads\/2025\/02\/AdobeStock_1224352674-1.png);\"><\/div><div class=\"bar--desc\"><span class=\"count-up\">425<\/span>t diverse<\/div><\/div>\n\n<div class=\"brun-bar wow\" data-size=\"25\"><div class=\"bar--bar\" style=\"background-image: url();\"><\/div><div class=\"bar--desc\"><span class=\"count-up\">350<\/span>t fruits<\/div><\/div>\n<\/div><\/div><\/div>\n<\/div>\n\n\n\n<div class=\"wp-block-columns alignwide is-layout-flex wp-container-core-columns-is-layout-9d6595d7 wp-block-columns-is-layout-flex\">\n<div class=\"wp-block-column is-layout-flow wp-block-column-is-layout-flow\">\n<h2 class=\"wp-block-heading h1\">dried. tasty. approved.<\/h2>\n<\/div>\n\n\n\n<div class=\"wp-block-column is-layout-flow wp-block-column-is-layout-flow\"><div class=\"quote-slider-wrapper  content\"><div class='quote-slider-container swiper-container' data-swiper-config=''><svg width=\"31\" height=\"21\" viewBox=\"0 0 31 21\" fill=\"none\" xmlns=\"http:\/\/www.w3.org\/2000\/svg\"><path d=\"M8.13931 6.81791C9.01585 6.94397 9.8298 7.17509 10.5811 7.51126C11.3324 7.84743 11.9794 8.30966 12.522 8.89795C13.1063 9.44422 13.5446 10.1376 13.8368 10.978C14.129 11.8184 14.2542 12.8059 14.2124 13.9405C14.1707 14.907 13.962 15.8314 13.5863 16.7139C13.2524 17.5543 12.7725 18.2896 12.1464 18.92C11.5203 19.5503 10.7898 20.0545 9.95496 20.4327C9.12016 20.8109 8.20191 21 7.20015 21C6.24013 21 5.32187 20.7899 4.44533 20.3697C3.5688 19.9495 2.7966 19.3822 2.12876 18.6678C1.46093 17.9535 0.939177 17.092 0.563518 16.0835C0.187859 15.075 0 13.9825 0 12.8059C0 11.083 0.313063 9.54927 0.939162 8.2046C1.56526 6.81791 2.31659 5.62031 3.19313 4.61181C4.11141 3.56128 5.09229 2.67884 6.13578 1.96448C7.22102 1.25013 8.22279 0.682841 9.14107 0.262631C9.55847 0.0525265 9.93412 -0.0315154 10.268 0.010505C10.602 0.0525255 10.8524 0.157578 11.0193 0.325662C11.228 0.493747 11.3324 0.703851 11.3324 0.955976C11.3324 1.16608 11.2072 1.37619 10.9567 1.58629C10.0384 2.30065 9.34974 2.97299 8.8906 3.6033C8.4732 4.19159 8.18107 4.73787 8.01411 5.24212C7.88889 5.70435 7.84709 6.08254 7.88883 6.37669C7.97231 6.62881 8.05583 6.77589 8.13931 6.81791ZM24.9187 6.81791C26.6301 7.02801 28.0909 7.72136 29.3014 8.89795C30.5119 10.0325 31.0754 11.7134 30.9919 13.9405C30.9084 15.9155 30.2197 17.5963 28.9258 18.983C27.6319 20.3277 25.9622 21 23.917 21C22.957 21 22.0387 20.7899 21.1622 20.3697C20.2856 19.9495 19.5134 19.3822 18.8456 18.6678C18.2195 17.9535 17.7186 17.092 17.343 16.0835C16.9673 15.075 16.7794 13.9825 16.7794 12.8059C16.7794 11.083 17.0925 9.54927 17.7186 8.2046C18.3447 6.81791 19.0961 5.62031 19.9726 4.61181C20.8909 3.56128 21.8717 2.67884 22.9152 1.96448C24.0005 1.25013 25.0022 0.682841 25.9205 0.262631C26.3379 0.0525265 26.7136 -0.0315154 27.0475 0.010505C27.3814 0.0525255 27.6319 0.157578 27.7988 0.325662C28.0075 0.493747 28.091 0.703851 28.0492 0.955976C28.0492 1.16608 27.924 1.37619 27.6736 1.58629C26.7553 2.30065 26.0666 2.97299 25.6074 3.6033C25.19 4.19159 24.9188 4.73787 24.7935 5.24212C24.6683 5.70435 24.6266 6.08254 24.6683 6.37669C24.7518 6.62881 24.8353 6.77589 24.9187 6.81791Z\" fill=\"#f0ebe1\"\/><\/svg><div class=\"swiper-wrapper\">\n<div class=\"swiper-slide\"><div class=\"swiper-slide-content\">\n<div class=\"wp-block-matterlout-slider-quote-element matterlout-slider-custom-content\">\n<h4 class=\"wp-block-heading has-text-align-center\"><strong>Br\u00fcning.global liefert nicht nur erstklassige Qualit\u00e4t, sondern auch echten Geschmack. Unsere Kunden lieben die nat\u00fcrlichen Aromen \u2013 und wir auch!<\/strong><\/h4>\n\n\n\n<p class=\"has-text-align-center\">Martin K., Lebensmittelh\u00e4ndler 11<\/p>\n<\/div>\n<\/div><\/div>\n\n<div class=\"swiper-slide\"><div class=\"swiper-slide-content\">\n<div class=\"wp-block-matterlout-slider-quote-element matterlout-slider-custom-content\">\n<h4 class=\"wp-block-heading has-text-align-center\"><strong>Br\u00fcning.global liefert nicht nur erstklassige Qualit\u00e4t, sondern auch echten Geschmack. Unsere Kunden lieben die nat\u00fcrlichen Aromen \u2013 und wir auch!<\/strong><\/h4>\n\n\n\n<p class=\"has-text-align-center\">Martin K., Lebensmittelh\u00e4ndler 22<\/p>\n<\/div>\n<\/div><\/div>\n\n<div class=\"swiper-slide\"><div class=\"swiper-slide-content\">\n<div class=\"wp-block-matterlout-slider-quote-element matterlout-slider-custom-content\">\n<h4 class=\"wp-block-heading has-text-align-center\"><strong>Br\u00fcning.global liefert nicht nur erstklassige Qualit\u00e4t, sondern auch echten Geschmack. Unsere Kunden lieben die nat\u00fcrlichen Aromen \u2013 und wir auch!Br\u00fcning.global liefert nicht nur erstklassige Qualit\u00e4t, sondern auch echten Geschmack. Unsere Kunden lieben die nat\u00fcrlichen Aromen \u2013 und wir auch!<\/strong><\/h4>\n\n\n\n<p class=\"has-text-align-center\">Martin K., Lebensmittelh\u00e4ndler 33<\/p>\n<\/div>\n<\/div><\/div>\n\n<div class=\"swiper-slide\"><div class=\"swiper-slide-content\">\n<div class=\"wp-block-matterlout-slider-quote-element matterlout-slider-custom-content\">\n<h4 class=\"wp-block-heading has-text-align-center\"><strong>Br\u00fcning.global liefert nicht nur erstklassige Qualit\u00e4t, sondern auch echten Geschmack. Unsere Kunden lieben die nat\u00fcrlichen Aromen \u2013 und wir auch!<\/strong><\/h4>\n\n\n\n<p class=\"has-text-align-center\">Martin K., Lebensmittelh\u00e4ndler 44<\/p>\n<\/div>\n<\/div><\/div>\n<\/div><div class=\"swiper-pagination\"><\/div><div class=\"swiper-navigation\"><div class=\"swiper-button-prev\"><\/div><div class=\"swiper-button-next\"><\/div><\/div><\/div><\/div><\/div>\n<\/div>\n","protected":false},"excerpt":{"rendered":"<p>Our products We have over 16 different nuts, dried fruits, raisins and seeds in our range. From these, we put together individual mixtures and fill &hellip;<\/p>\n","protected":false},"author":1,"featured_media":0,"parent":0,"menu_order":0,"comment_status":"closed","ping_status":"closed","template":"","meta":{"_acf_changed":false,"footnotes":""},"class_list":["post-1613","page","type-page","status-publish","hentry"],"acf":[],"yoast_head":"<!-- This site is optimized with the Yoast SEO plugin v25.9 - https:\/\/yoast.com\/wordpress\/plugins\/seo\/ -->\n<title>Products - Br\u00fcning<\/title>\n<meta name=\"robots\" content=\"index, follow, max-snippet:-1, max-image-preview:large, max-video-preview:-1\" \/>\n<link rel=\"canonical\" href=\"https:\/\/bruening.global\/en\/products\/\" \/>\n<meta property=\"og:locale\" content=\"en_US\" \/>\n<meta property=\"og:type\" content=\"article\" \/>\n<meta property=\"og:title\" content=\"Products - Br\u00fcning\" \/>\n<meta property=\"og:description\" content=\"Our products We have over 16 different nuts, dried fruits, raisins and seeds in our range. From these, we put together individual mixtures and fill &hellip;\" \/>\n<meta property=\"og:url\" content=\"https:\/\/bruening.global\/en\/products\/\" \/>\n<meta property=\"og:site_name\" content=\"Br\u00fcning\" \/>\n<meta property=\"article:modified_time\" content=\"2025-05-14T15:02:13+00:00\" \/>\n<meta name=\"twitter:card\" content=\"summary_large_image\" \/>\n<meta name=\"twitter:label1\" content=\"Est. reading time\" \/>\n\t<meta name=\"twitter:data1\" content=\"5 minutes\" \/>\n<script type=\"application\/ld+json\" class=\"yoast-schema-graph\">{\"@context\":\"https:\/\/schema.org\",\"@graph\":[{\"@type\":\"WebPage\",\"@id\":\"https:\/\/bruening.global\/en\/products\/\",\"url\":\"https:\/\/bruening.global\/en\/products\/\",\"name\":\"Products - Br\u00fcning\",\"isPartOf\":{\"@id\":\"https:\/\/bruening.global\/#website\"},\"primaryImageOfPage\":{\"@id\":\"https:\/\/bruening.global\/en\/products\/#primaryimage\"},\"image\":{\"@id\":\"https:\/\/bruening.global\/en\/products\/#primaryimage\"},\"thumbnailUrl\":\"https:\/\/bruening.global\/app\/uploads\/2025\/04\/viola-braun.svg\",\"datePublished\":\"2025-02-27T07:12:48+00:00\",\"dateModified\":\"2025-05-14T15:02:13+00:00\",\"breadcrumb\":{\"@id\":\"https:\/\/bruening.global\/en\/products\/#breadcrumb\"},\"inLanguage\":\"en-US\",\"potentialAction\":[{\"@type\":\"ReadAction\",\"target\":[\"https:\/\/bruening.global\/en\/products\/\"]}]},{\"@type\":\"ImageObject\",\"inLanguage\":\"en-US\",\"@id\":\"https:\/\/bruening.global\/en\/products\/#primaryimage\",\"url\":\"https:\/\/bruening.global\/app\/uploads\/2025\/04\/viola-braun.svg\",\"contentUrl\":\"https:\/\/bruening.global\/app\/uploads\/2025\/04\/viola-braun.svg\"},{\"@type\":\"BreadcrumbList\",\"@id\":\"https:\/\/bruening.global\/en\/products\/#breadcrumb\",\"itemListElement\":[{\"@type\":\"ListItem\",\"position\":1,\"name\":\"Home\",\"item\":\"https:\/\/bruening.global\/en\/\"},{\"@type\":\"ListItem\",\"position\":2,\"name\":\"Products\"}]},{\"@type\":\"WebSite\",\"@id\":\"https:\/\/bruening.global\/#website\",\"url\":\"https:\/\/bruening.global\/\",\"name\":\"Br\u00fcning\",\"description\":\"Mit \u00fcber 70 Jahren Erfahrung z\u00e4hlt die Heinrich Br\u00fcning GmbH zu den f\u00fchrenden Importeuren und Distributoren von N\u00fcssen und Trockenfr\u00fcchten in Deutschland.\",\"potentialAction\":[{\"@type\":\"SearchAction\",\"target\":{\"@type\":\"EntryPoint\",\"urlTemplate\":\"https:\/\/bruening.global\/?s={search_term_string}\"},\"query-input\":{\"@type\":\"PropertyValueSpecification\",\"valueRequired\":true,\"valueName\":\"search_term_string\"}}],\"inLanguage\":\"en-US\"}]}<\/script>\n<!-- \/ Yoast SEO plugin. -->","yoast_head_json":{"title":"Products - Br\u00fcning","robots":{"index":"index","follow":"follow","max-snippet":"max-snippet:-1","max-image-preview":"max-image-preview:large","max-video-preview":"max-video-preview:-1"},"canonical":"https:\/\/bruening.global\/en\/products\/","og_locale":"en_US","og_type":"article","og_title":"Products - Br\u00fcning","og_description":"Our products We have over 16 different nuts, dried fruits, raisins and seeds in our range. From these, we put together individual mixtures and fill &hellip;","og_url":"https:\/\/bruening.global\/en\/products\/","og_site_name":"Br\u00fcning","article_modified_time":"2025-05-14T15:02:13+00:00","twitter_card":"summary_large_image","twitter_misc":{"Est. reading time":"5 minutes"},"schema":{"@context":"https:\/\/schema.org","@graph":[{"@type":"WebPage","@id":"https:\/\/bruening.global\/en\/products\/","url":"https:\/\/bruening.global\/en\/products\/","name":"Products - Br\u00fcning","isPartOf":{"@id":"https:\/\/bruening.global\/#website"},"primaryImageOfPage":{"@id":"https:\/\/bruening.global\/en\/products\/#primaryimage"},"image":{"@id":"https:\/\/bruening.global\/en\/products\/#primaryimage"},"thumbnailUrl":"https:\/\/bruening.global\/app\/uploads\/2025\/04\/viola-braun.svg","datePublished":"2025-02-27T07:12:48+00:00","dateModified":"2025-05-14T15:02:13+00:00","breadcrumb":{"@id":"https:\/\/bruening.global\/en\/products\/#breadcrumb"},"inLanguage":"en-US","potentialAction":[{"@type":"ReadAction","target":["https:\/\/bruening.global\/en\/products\/"]}]},{"@type":"ImageObject","inLanguage":"en-US","@id":"https:\/\/bruening.global\/en\/products\/#primaryimage","url":"https:\/\/bruening.global\/app\/uploads\/2025\/04\/viola-braun.svg","contentUrl":"https:\/\/bruening.global\/app\/uploads\/2025\/04\/viola-braun.svg"},{"@type":"BreadcrumbList","@id":"https:\/\/bruening.global\/en\/products\/#breadcrumb","itemListElement":[{"@type":"ListItem","position":1,"name":"Home","item":"https:\/\/bruening.global\/en\/"},{"@type":"ListItem","position":2,"name":"Products"}]},{"@type":"WebSite","@id":"https:\/\/bruening.global\/#website","url":"https:\/\/bruening.global\/","name":"Br\u00fcning","description":"Mit \u00fcber 70 Jahren Erfahrung z\u00e4hlt die Heinrich Br\u00fcning GmbH zu den f\u00fchrenden Importeuren und Distributoren von N\u00fcssen und Trockenfr\u00fcchten in Deutschland.","potentialAction":[{"@type":"SearchAction","target":{"@type":"EntryPoint","urlTemplate":"https:\/\/bruening.global\/?s={search_term_string}"},"query-input":{"@type":"PropertyValueSpecification","valueRequired":true,"valueName":"search_term_string"}}],"inLanguage":"en-US"}]}},"_links":{"self":[{"href":"https:\/\/bruening.global\/en\/wp-json\/wp\/v2\/pages\/1613","targetHints":{"allow":["GET"]}}],"collection":[{"href":"https:\/\/bruening.global\/en\/wp-json\/wp\/v2\/pages"}],"about":[{"href":"https:\/\/bruening.global\/en\/wp-json\/wp\/v2\/types\/page"}],"author":[{"embeddable":true,"href":"https:\/\/bruening.global\/en\/wp-json\/wp\/v2\/users\/1"}],"replies":[{"embeddable":true,"href":"https:\/\/bruening.global\/en\/wp-json\/wp\/v2\/comments?post=1613"}],"version-history":[{"count":8,"href":"https:\/\/bruening.global\/en\/wp-json\/wp\/v2\/pages\/1613\/revisions"}],"predecessor-version":[{"id":1838,"href":"https:\/\/bruening.global\/en\/wp-json\/wp\/v2\/pages\/1613\/revisions\/1838"}],"wp:attachment":[{"href":"https:\/\/bruening.global\/en\/wp-json\/wp\/v2\/media?parent=1613"}],"curies":[{"name":"wp","href":"https:\/\/api.w.org\/{rel}","templated":true}]}}