{"id":1605,"date":"2025-02-27T08:13:02","date_gmt":"2025-02-27T07:13:02","guid":{"rendered":"https:\/\/bruening.global\/?page_id=1605"},"modified":"2025-05-14T16:54:16","modified_gmt":"2025-05-14T14:54:16","slug":"our-service","status":"publish","type":"page","link":"https:\/\/bruening.global\/en\/our-service\/","title":{"rendered":"Our service"},"content":{"rendered":"\n<div class=\"wp-block-cover alignfull\"><img decoding=\"async\" class=\"wp-block-cover__image-background wp-image-809\" alt=\"\" src=\"https:\/\/bruening.global\/app\/uploads\/2025\/04\/gruen-rot.svg\" data-object-fit=\"cover\"\/><span aria-hidden=\"true\" class=\"wp-block-cover__background has-background-dim-0 has-background-dim\" style=\"background-color:#6d543c\"><\/span><div class=\"wp-block-cover__inner-container is-layout-constrained wp-block-cover-is-layout-constrained\">\n<h1 class=\"wp-block-heading has-text-align-center\"><br><mark style=\"background-color:rgba(0, 0, 0, 0)\" class=\"has-inline-color has-luminous-vivid-amber-color\">we do the dry work.<\/mark><br><br><\/h1>\n<\/div><\/div>\n\n\n\n<div class=\"wp-block-columns alignwide custom-image-area is-layout-flex wp-container-core-columns-is-layout-9d6595d7 wp-block-columns-is-layout-flex\">\n<div class=\"wp-block-column is-layout-flow wp-block-column-is-layout-flow\"><\/div>\n\n\n\n<div class=\"wp-block-column is-layout-flow wp-block-column-is-layout-flow\">\n<figure class=\"wp-block-image aligncenter size-full is-resized\"><img decoding=\"async\" width=\"700\" height=\"579\" src=\"https:\/\/bruening.global\/app\/uploads\/2025\/04\/bruening_LKW_mandel.png\" alt=\"\" class=\"wp-image-835\" style=\"object-fit:cover;width:401px;height:auto\" srcset=\"https:\/\/bruening.global\/app\/uploads\/2025\/04\/bruening_LKW_mandel.png 700w, https:\/\/bruening.global\/app\/uploads\/2025\/04\/bruening_LKW_mandel-500x414.png 500w\" sizes=\"(max-width: 700px) 100vw, 700px\" \/><\/figure>\n<\/div>\n\n\n\n<div class=\"wp-block-column is-layout-flow wp-block-column-is-layout-flow\"><\/div>\n<\/div>\n\n\n\n<div class=\"wp-block-columns alignwide is-layout-flex wp-container-core-columns-is-layout-9d6595d7 wp-block-columns-is-layout-flex\">\n<div class=\"wp-block-column is-layout-flow wp-block-column-is-layout-flow\" style=\"flex-basis:20%\"><\/div>\n\n\n\n<div class=\"wp-block-column is-layout-flow wp-block-column-is-layout-flow\" style=\"flex-basis:60%\">\n<h2 class=\"wp-block-heading has-text-align-center\">White Labeling<\/h2>\n\n\n\n<p class=\"has-text-align-center\">You have the idea &#8211; we take care of the rest. With our white label solution, you receive high-quality dried fruit and nut kernels in exactly the right mix, packaging and quality to suit your brand. Regardless of whether you are active in food retail, discount stores or industry: We bring your own brand to the shelf &#8211; reliably, flexibly and with decades of experience.<\/p>\n<\/div>\n\n\n\n<div class=\"wp-block-column is-layout-flow wp-block-column-is-layout-flow\" style=\"flex-basis:20%\"><\/div>\n<\/div>\n\n\n\n<div class=\"wp-block-cover alignfull is-light\"><img decoding=\"async\" class=\"wp-block-cover__image-background wp-image-700\" alt=\"\" src=\"https:\/\/bruening.global\/app\/uploads\/2025\/04\/Group-14.svg\" data-object-fit=\"cover\"\/><span aria-hidden=\"true\" class=\"wp-block-cover__background has-background-dim-0 has-background-dim\" style=\"background-color:#ca7f9e\"><\/span><div class=\"wp-block-cover__inner-container is-layout-constrained wp-block-cover-is-layout-constrained\">\n<div class=\"wp-block-cover is-light has-normal-font-size\"><span aria-hidden=\"true\" class=\"wp-block-cover__background has-beige-background-color has-background-dim-100 has-background-dim\"><\/span><div class=\"wp-block-cover__inner-container is-layout-constrained wp-container-core-cover-is-layout-a209ae40 wp-block-cover-is-layout-constrained\">\n<h3 class=\"wp-block-heading\"><mark style=\"background-color:rgba(0, 0, 0, 0)\" class=\"has-inline-color has-purple-color\">We support you step by step from the raw material to the finished product.<\/mark><\/h3>\n\n\n\n<div class=\"wp-block-columns alignwide is-layout-flex wp-container-core-columns-is-layout-9d6595d7 wp-block-columns-is-layout-flex\">\n<div class=\"wp-block-column is-vertically-aligned-bottom is-layout-flow wp-block-column-is-layout-flow\">\n<p>In our production facility in Hamburg-Wilhelmsburg, we mix according to your specifications &#8211; down to the last percent. Packaging is ready for transportation and, if desired, in your brand design. Whether pillow bag, doypack or block bottom bag: together we will find the right format and advise you comprehensively on material, declaration or POS-compatible packaging solutions.<\/p>\n\n\n\n<p>And if you want more than standard: We will be happy to work with you to develop new products, create leporellos with recipe ideas or design concepts for eye-catching promotional goods.<\/p>\n<\/div>\n\n\n\n<div class=\"wp-block-column is-vertically-aligned-bottom is-layout-flow wp-block-column-is-layout-flow\">\n<figure class=\"wp-block-image size-full is-resized\"><img decoding=\"async\" width=\"469\" height=\"234\" src=\"https:\/\/bruening.global\/app\/uploads\/2025\/05\/bruening-white-labeling.png\" alt=\"\" class=\"wp-image-1557\" style=\"width:612px;height:auto\"\/><\/figure>\n<\/div>\n<\/div>\n<\/div><\/div>\n<\/div><\/div>\n\n\n\n<div class=\"wp-block-columns alignwide custom-image-area is-layout-flex wp-container-core-columns-is-layout-9d6595d7 wp-block-columns-is-layout-flex\">\n<div class=\"wp-block-column is-layout-flow wp-block-column-is-layout-flow\"><\/div>\n\n\n\n<div class=\"wp-block-column is-layout-flow wp-block-column-is-layout-flow\">\n<figure class=\"wp-block-image aligncenter size-full is-resized\"><img decoding=\"async\" width=\"700\" height=\"606\" src=\"https:\/\/bruening.global\/app\/uploads\/2025\/04\/bruening_fahrrad_apfelring.png\" alt=\"\" class=\"wp-image-814\" style=\"object-fit:cover;width:401px;height:auto\" srcset=\"https:\/\/bruening.global\/app\/uploads\/2025\/04\/bruening_fahrrad_apfelring.png 700w, https:\/\/bruening.global\/app\/uploads\/2025\/04\/bruening_fahrrad_apfelring-500x433.png 500w, https:\/\/bruening.global\/app\/uploads\/2025\/04\/bruening_fahrrad_apfelring-693x600.png 693w\" sizes=\"(max-width: 700px) 100vw, 700px\" \/><\/figure>\n<\/div>\n\n\n\n<div class=\"wp-block-column is-layout-flow wp-block-column-is-layout-flow\"><\/div>\n<\/div>\n\n\n\n<h2 class=\"wp-block-heading has-text-align-center\"><mark style=\"background-color:rgba(0, 0, 0, 0)\" class=\"has-inline-color has-red-color\">You bring the vision &#8211; we deliver the product.<\/mark><\/h2>\n\n\n\n<div class=\"wp-block-columns alignwide is-layout-flex wp-container-core-columns-is-layout-9d6595d7 wp-block-columns-is-layout-flex\">\n<div class=\"wp-block-column is-layout-flow wp-block-column-is-layout-flow\" style=\"flex-basis:25%\"><\/div>\n\n\n\n<div class=\"wp-block-column is-layout-flow wp-block-column-is-layout-flow\" style=\"flex-basis:50%\">\n<p class=\"has-text-align-center\">With Br\u00fcning as your partner, your idea becomes a successful product ready for the market &#8211; professionally, efficiently and always with an eye for detail.<\/p>\n\n\n\n<div class=\"wpcf7 no-js\" id=\"wpcf7-f1825-o1\" lang=\"de-DE\" dir=\"ltr\" data-wpcf7-id=\"1825\">\n<div class=\"screen-reader-response\"><p role=\"status\" aria-live=\"polite\" aria-atomic=\"true\"><\/p> <ul><\/ul><\/div>\n<form action=\"\/en\/wp-json\/wp\/v2\/pages\/1605#wpcf7-f1825-o1\" method=\"post\" class=\"wpcf7-form init\" aria-label=\"Kontaktformular\" novalidate=\"novalidate\" data-status=\"init\">\n<fieldset class=\"hidden-fields-container\"><input type=\"hidden\" name=\"_wpcf7\" value=\"1825\" \/><input type=\"hidden\" name=\"_wpcf7_version\" value=\"6.1.5\" \/><input type=\"hidden\" name=\"_wpcf7_locale\" value=\"de_DE\" \/><input type=\"hidden\" name=\"_wpcf7_unit_tag\" value=\"wpcf7-f1825-o1\" \/><input type=\"hidden\" name=\"_wpcf7_container_post\" value=\"0\" \/><input type=\"hidden\" name=\"_wpcf7_posted_data_hash\" value=\"\" \/>\n<\/fieldset>\n<div id=\"kontakt\" class=\"row\">\n\t<div class=\"col-lg-6\">\n\t\t<p><label> Your name*<\/label><br \/>\n<span class=\"wpcf7-form-control-wrap\" data-name=\"your-name\"><input size=\"40\" maxlength=\"400\" class=\"wpcf7-form-control wpcf7-text wpcf7-validates-as-required\" autocomplete=\"name\" aria-required=\"true\" aria-invalid=\"false\" placeholder=\"Enter your name here\" value=\"\" type=\"text\" name=\"your-name\" \/><\/span>\n\t\t<\/p>\n\t<\/div>\n\t<div class=\"col-lg-6\">\n\t\t<p><label> E-mail address*<\/label><br \/>\n<span class=\"wpcf7-form-control-wrap\" data-name=\"your-email\"><input size=\"40\" maxlength=\"400\" class=\"wpcf7-form-control wpcf7-email wpcf7-validates-as-required wpcf7-text wpcf7-validates-as-email\" autocomplete=\"email\" aria-required=\"true\" aria-invalid=\"false\" placeholder=\"Write your e-mail here\" value=\"\" type=\"email\" name=\"your-email\" \/><\/span>\n\t\t<\/p>\n\t<\/div>\n\t<div class=\"col-lg-12\">\n\t\t<p><label> Your message*<\/label><br \/>\n<span class=\"wpcf7-form-control-wrap\" data-name=\"your-message\"><textarea cols=\"40\" rows=\"10\" maxlength=\"2000\" class=\"wpcf7-form-control wpcf7-textarea wpcf7-validates-as-required\" aria-required=\"true\" aria-invalid=\"false\" placeholder=\"Let us know what ideas you have and which product you are interested in!\" name=\"your-message\"><\/textarea><\/span>\n\t\t<\/p>\n\t\t<div class=\"submit-a-wrapper\">\n\t\t\t<p><span class=\"wpcf7-form-control-wrap\" data-name=\"acceptance-619\"><span class=\"wpcf7-form-control wpcf7-acceptance optional\"><span class=\"wpcf7-list-item\"><label><input type=\"checkbox\" name=\"acceptance-619\" value=\"1\" aria-invalid=\"false\" \/><span class=\"wpcf7-list-item-label\">I consent to the processing of the personal data provided in the contact form for the purpose of contacting me by Heinrich Br\u00fcning GmbH. Further information on data processing can be found in our <a href=\"\/en\/datenschutz\">privacy policy<\/a>.<\/span><\/label><\/span><\/span><\/span><br \/>\n<input class=\"wpcf7-form-control wpcf7-submit has-spinner\" type=\"submit\" value=\"Send\" \/>\n\t\t\t<\/p>\n\t\t<\/div>\n\t<\/div>\n<\/div><input type='hidden' class='wpcf7-pum' value='{\"closepopup\":false,\"closedelay\":0,\"openpopup\":false,\"openpopup_id\":0}' \/><div class=\"wpcf7-response-output\" aria-hidden=\"true\"><\/div>\n<\/form>\n<\/div>\n\n<\/div>\n\n\n\n<div class=\"wp-block-column is-layout-flow wp-block-column-is-layout-flow\" style=\"flex-basis:25%\"><\/div>\n<\/div>\n","protected":false},"excerpt":{"rendered":"<p>White Labeling You have the idea &#8211; we take care of the rest. With our white label solution, you receive high-quality dried fruit and nut &hellip;<\/p>\n","protected":false},"author":1,"featured_media":0,"parent":0,"menu_order":0,"comment_status":"closed","ping_status":"closed","template":"","meta":{"_acf_changed":false,"footnotes":""},"class_list":["post-1605","page","type-page","status-publish","hentry"],"acf":[],"yoast_head":"<!-- This site is optimized with the Yoast SEO plugin v25.9 - https:\/\/yoast.com\/wordpress\/plugins\/seo\/ -->\n<title>Our service - Br\u00fcning<\/title>\n<meta name=\"robots\" content=\"index, follow, max-snippet:-1, max-image-preview:large, max-video-preview:-1\" \/>\n<link rel=\"canonical\" href=\"https:\/\/bruening.global\/en\/our-service\/\" \/>\n<meta property=\"og:locale\" content=\"en_US\" \/>\n<meta property=\"og:type\" content=\"article\" \/>\n<meta property=\"og:title\" content=\"Our service - Br\u00fcning\" \/>\n<meta property=\"og:description\" content=\"White Labeling You have the idea &#8211; we take care of the rest. With our white label solution, you receive high-quality dried fruit and nut &hellip;\" \/>\n<meta property=\"og:url\" content=\"https:\/\/bruening.global\/en\/our-service\/\" \/>\n<meta property=\"og:site_name\" content=\"Br\u00fcning\" \/>\n<meta property=\"article:modified_time\" content=\"2025-05-14T14:54:16+00:00\" \/>\n<meta name=\"twitter:card\" content=\"summary_large_image\" \/>\n<meta name=\"twitter:label1\" content=\"Est. reading time\" \/>\n\t<meta name=\"twitter:data1\" content=\"3 minutes\" \/>\n<script type=\"application\/ld+json\" class=\"yoast-schema-graph\">{\"@context\":\"https:\/\/schema.org\",\"@graph\":[{\"@type\":\"WebPage\",\"@id\":\"https:\/\/bruening.global\/en\/our-service\/\",\"url\":\"https:\/\/bruening.global\/en\/our-service\/\",\"name\":\"Our service - Br\u00fcning\",\"isPartOf\":{\"@id\":\"https:\/\/bruening.global\/#website\"},\"primaryImageOfPage\":{\"@id\":\"https:\/\/bruening.global\/en\/our-service\/#primaryimage\"},\"image\":{\"@id\":\"https:\/\/bruening.global\/en\/our-service\/#primaryimage\"},\"thumbnailUrl\":\"https:\/\/bruening.global\/app\/uploads\/2025\/04\/gruen-rot.svg\",\"datePublished\":\"2025-02-27T07:13:02+00:00\",\"dateModified\":\"2025-05-14T14:54:16+00:00\",\"breadcrumb\":{\"@id\":\"https:\/\/bruening.global\/en\/our-service\/#breadcrumb\"},\"inLanguage\":\"en-US\",\"potentialAction\":[{\"@type\":\"ReadAction\",\"target\":[\"https:\/\/bruening.global\/en\/our-service\/\"]}]},{\"@type\":\"ImageObject\",\"inLanguage\":\"en-US\",\"@id\":\"https:\/\/bruening.global\/en\/our-service\/#primaryimage\",\"url\":\"https:\/\/bruening.global\/app\/uploads\/2025\/04\/gruen-rot.svg\",\"contentUrl\":\"https:\/\/bruening.global\/app\/uploads\/2025\/04\/gruen-rot.svg\"},{\"@type\":\"BreadcrumbList\",\"@id\":\"https:\/\/bruening.global\/en\/our-service\/#breadcrumb\",\"itemListElement\":[{\"@type\":\"ListItem\",\"position\":1,\"name\":\"Home\",\"item\":\"https:\/\/bruening.global\/en\/\"},{\"@type\":\"ListItem\",\"position\":2,\"name\":\"Our service\"}]},{\"@type\":\"WebSite\",\"@id\":\"https:\/\/bruening.global\/#website\",\"url\":\"https:\/\/bruening.global\/\",\"name\":\"Br\u00fcning\",\"description\":\"Mit \u00fcber 70 Jahren Erfahrung z\u00e4hlt die Heinrich Br\u00fcning GmbH zu den f\u00fchrenden Importeuren und Distributoren von N\u00fcssen und Trockenfr\u00fcchten in Deutschland.\",\"potentialAction\":[{\"@type\":\"SearchAction\",\"target\":{\"@type\":\"EntryPoint\",\"urlTemplate\":\"https:\/\/bruening.global\/?s={search_term_string}\"},\"query-input\":{\"@type\":\"PropertyValueSpecification\",\"valueRequired\":true,\"valueName\":\"search_term_string\"}}],\"inLanguage\":\"en-US\"}]}<\/script>\n<!-- \/ Yoast SEO plugin. -->","yoast_head_json":{"title":"Our service - Br\u00fcning","robots":{"index":"index","follow":"follow","max-snippet":"max-snippet:-1","max-image-preview":"max-image-preview:large","max-video-preview":"max-video-preview:-1"},"canonical":"https:\/\/bruening.global\/en\/our-service\/","og_locale":"en_US","og_type":"article","og_title":"Our service - Br\u00fcning","og_description":"White Labeling You have the idea &#8211; we take care of the rest. With our white label solution, you receive high-quality dried fruit and nut &hellip;","og_url":"https:\/\/bruening.global\/en\/our-service\/","og_site_name":"Br\u00fcning","article_modified_time":"2025-05-14T14:54:16+00:00","twitter_card":"summary_large_image","twitter_misc":{"Est. reading time":"3 minutes"},"schema":{"@context":"https:\/\/schema.org","@graph":[{"@type":"WebPage","@id":"https:\/\/bruening.global\/en\/our-service\/","url":"https:\/\/bruening.global\/en\/our-service\/","name":"Our service - Br\u00fcning","isPartOf":{"@id":"https:\/\/bruening.global\/#website"},"primaryImageOfPage":{"@id":"https:\/\/bruening.global\/en\/our-service\/#primaryimage"},"image":{"@id":"https:\/\/bruening.global\/en\/our-service\/#primaryimage"},"thumbnailUrl":"https:\/\/bruening.global\/app\/uploads\/2025\/04\/gruen-rot.svg","datePublished":"2025-02-27T07:13:02+00:00","dateModified":"2025-05-14T14:54:16+00:00","breadcrumb":{"@id":"https:\/\/bruening.global\/en\/our-service\/#breadcrumb"},"inLanguage":"en-US","potentialAction":[{"@type":"ReadAction","target":["https:\/\/bruening.global\/en\/our-service\/"]}]},{"@type":"ImageObject","inLanguage":"en-US","@id":"https:\/\/bruening.global\/en\/our-service\/#primaryimage","url":"https:\/\/bruening.global\/app\/uploads\/2025\/04\/gruen-rot.svg","contentUrl":"https:\/\/bruening.global\/app\/uploads\/2025\/04\/gruen-rot.svg"},{"@type":"BreadcrumbList","@id":"https:\/\/bruening.global\/en\/our-service\/#breadcrumb","itemListElement":[{"@type":"ListItem","position":1,"name":"Home","item":"https:\/\/bruening.global\/en\/"},{"@type":"ListItem","position":2,"name":"Our service"}]},{"@type":"WebSite","@id":"https:\/\/bruening.global\/#website","url":"https:\/\/bruening.global\/","name":"Br\u00fcning","description":"Mit \u00fcber 70 Jahren Erfahrung z\u00e4hlt die Heinrich Br\u00fcning GmbH zu den f\u00fchrenden Importeuren und Distributoren von N\u00fcssen und Trockenfr\u00fcchten in Deutschland.","potentialAction":[{"@type":"SearchAction","target":{"@type":"EntryPoint","urlTemplate":"https:\/\/bruening.global\/?s={search_term_string}"},"query-input":{"@type":"PropertyValueSpecification","valueRequired":true,"valueName":"search_term_string"}}],"inLanguage":"en-US"}]}},"_links":{"self":[{"href":"https:\/\/bruening.global\/en\/wp-json\/wp\/v2\/pages\/1605","targetHints":{"allow":["GET"]}}],"collection":[{"href":"https:\/\/bruening.global\/en\/wp-json\/wp\/v2\/pages"}],"about":[{"href":"https:\/\/bruening.global\/en\/wp-json\/wp\/v2\/types\/page"}],"author":[{"embeddable":true,"href":"https:\/\/bruening.global\/en\/wp-json\/wp\/v2\/users\/1"}],"replies":[{"embeddable":true,"href":"https:\/\/bruening.global\/en\/wp-json\/wp\/v2\/comments?post=1605"}],"version-history":[{"count":5,"href":"https:\/\/bruening.global\/en\/wp-json\/wp\/v2\/pages\/1605\/revisions"}],"predecessor-version":[{"id":1832,"href":"https:\/\/bruening.global\/en\/wp-json\/wp\/v2\/pages\/1605\/revisions\/1832"}],"wp:attachment":[{"href":"https:\/\/bruening.global\/en\/wp-json\/wp\/v2\/media?parent=1605"}],"curies":[{"name":"wp","href":"https:\/\/api.w.org\/{rel}","templated":true}]}}